{"id":22777,"date":"2023-01-03T14:06:26","date_gmt":"2023-01-03T14:06:26","guid":{"rendered":"https:\/\/www.getsharedcontacts.com\/webinar-capacitar-a-sua-organizacao-com-gestao-de-contactos\/"},"modified":"2023-07-03T13:36:22","modified_gmt":"2023-07-03T13:36:22","slug":"webinar-capacitar-a-sua-organizacao-com-gestao-de-contactos","status":"publish","type":"page","link":"https:\/\/getsharedcontacts.com\/pt-pt\/webinar-capacitar-a-sua-organizacao-com-gestao-de-contactos\/","title":{"rendered":"Webinar : Capacitar a sua organiza\u00e7\u00e3o com gest\u00e3o de contactos"},"content":{"rendered":"\n<h2 class=\"wp-block-heading\">Neste webinar, cobriremos t\u00f3picos tais como:<\/h2>\n\n\n\n<p><\/p>\n\n\n\n<ul class=\"wp-block-list\">\n<li>As melhores pr\u00e1ticas na gest\u00e3o de contactos<\/li>\n\n\n\n<li>Como os Contactos Partilhados para Gmail\u00ae podem ajudar a sua organiza\u00e7\u00e3o a ter uma base de dados de contactos limpa e segura<\/li>\n\n\n\n<li>Como garantir que voc\u00ea e os seus utilizadores possam aceder aos seus contactos em todas as situa\u00e7\u00f5es e em todos os programas<\/li>\n<\/ul>\n\n\n\n<h2 class=\"wp-block-heading\"><meta charset=\"utf-8\">Conhe\u00e7a o orador:  <\/h2>\n\n\n\n<p><strong>Stef Cohen, Fundador &amp; CEO, Contactos Partilhados para o Gmail\u00ae.<\/strong><\/p>\n\n\n\n<figure class=\"wp-block-image size-full is-style-rounded\"><img loading=\"lazy\" decoding=\"async\" width=\"221\" height=\"221\" src=\"https:\/\/www.getsharedcontacts.com\/wp-content\/uploads\/2022\/01\/stef-speaker-shared-contacts.jpeg\" alt=\"Stef Cohen, CEO da ContactsFlow\u2122 (formerly Shared Contacts for Gmail\u2122)\" class=\"wp-image-15537\" srcset=\"https:\/\/getsharedcontacts.com\/wp-content\/uploads\/2022\/01\/stef-speaker-shared-contacts.jpeg 221w, https:\/\/getsharedcontacts.com\/wp-content\/uploads\/2022\/01\/stef-speaker-shared-contacts-150x150.jpeg 150w\" sizes=\"auto, (max-width: 221px) 100vw, 221px\" \/><\/figure>\n\n\n\n<p><\/p>\n\n\n\n<h2 class=\"wp-block-heading\">A quem se destina este webinar?<\/h2>\n\n\n\n<p>Stef \u00e9 um empres\u00e1rio em s\u00e9rie. Depois de trabalhar com Econsulting e Gapps Experts e de ajudar organiza\u00e7\u00f5es a criar os seus espa\u00e7os de trabalho Google, Stef fundou a empresa ContactsFlow\u2122 (formerly Shared Contacts for Gmail\u2122) porque havia uma clara necessidade no mercado de uma simples partilha de contactos.<\/p>\n\n\n\n<p>Este webinar \u00e9 para quem procura encontrar formas de trabalhar de forma mais eficiente dentro do seu espa\u00e7o de trabalho Google. Quer seja um administrador Google, um utilizador com poder, ou apenas um utilizador quotidiano, espera-se que obtenha ideias valiosas que possa levar de volta \u00e0 sua organiza\u00e7\u00e3o.<\/p>\n","protected":false},"excerpt":{"rendered":"<p>Neste webinar, cobriremos t\u00f3picos tais como: Conhe\u00e7a o orador: Stef Cohen, Fundador &amp; CEO, Contactos Partilhados para o Gmail\u00ae. A quem se destina este webinar? Stef \u00e9 um empres\u00e1rio em s\u00e9rie. Depois de trabalhar com Econsulting e Gapps Experts e de ajudar organiza\u00e7\u00f5es a criar os seus espa\u00e7os de trabalho Google, Stef fundou a empresa [&hellip;]<\/p>\n","protected":false},"author":4,"featured_media":0,"parent":0,"menu_order":0,"comment_status":"closed","ping_status":"closed","template":"page-templates\/landing_alt.php","meta":{"inline_featured_image":false,"footnotes":""},"class_list":["post-22777","page","type-page","status-publish","hentry"],"acf":[],"_links":{"self":[{"href":"https:\/\/getsharedcontacts.com\/pt-pt\/wp-json\/wp\/v2\/pages\/22777","targetHints":{"allow":["GET"]}}],"collection":[{"href":"https:\/\/getsharedcontacts.com\/pt-pt\/wp-json\/wp\/v2\/pages"}],"about":[{"href":"https:\/\/getsharedcontacts.com\/pt-pt\/wp-json\/wp\/v2\/types\/page"}],"author":[{"embeddable":true,"href":"https:\/\/getsharedcontacts.com\/pt-pt\/wp-json\/wp\/v2\/users\/4"}],"replies":[{"embeddable":true,"href":"https:\/\/getsharedcontacts.com\/pt-pt\/wp-json\/wp\/v2\/comments?post=22777"}],"version-history":[{"count":5,"href":"https:\/\/getsharedcontacts.com\/pt-pt\/wp-json\/wp\/v2\/pages\/22777\/revisions"}],"predecessor-version":[{"id":26517,"href":"https:\/\/getsharedcontacts.com\/pt-pt\/wp-json\/wp\/v2\/pages\/22777\/revisions\/26517"}],"wp:attachment":[{"href":"https:\/\/getsharedcontacts.com\/pt-pt\/wp-json\/wp\/v2\/media?parent=22777"}],"curies":[{"name":"wp","href":"https:\/\/api.w.org\/{rel}","templated":true}]}}