{"id":22717,"date":"2023-01-03T12:14:51","date_gmt":"2023-01-03T12:14:51","guid":{"rendered":"https:\/\/www.getsharedcontacts.com\/politica-de-privacidade\/"},"modified":"2023-12-11T15:10:31","modified_gmt":"2023-12-11T15:10:31","slug":"politica-de-privacidade","status":"publish","type":"page","link":"https:\/\/getsharedcontacts.com\/pt-pt\/politica-de-privacidade\/","title":{"rendered":"Pol\u00edtica de Privacidade"},"content":{"rendered":"\n<p>Esta declara\u00e7\u00e3o de privacidade descreve a forma como a Gapps Experts Inc. recolhe e utiliza as informa\u00e7\u00f5es que fornece nos Contactos Partilhados para o Gmail\u00ae, MAPI para o Gmail\u00ae e outras aplica\u00e7\u00f5es online fornecidas pela Gapps Experts Inc. Descreve tamb\u00e9m as escolhas dispon\u00edveis relativamente \u00e0 nossa utiliza\u00e7\u00e3o das suas informa\u00e7\u00f5es e como pode aceder e actualizar essas informa\u00e7\u00f5es.<\/p>\n\n<h2 class=\"wp-block-heading\">A. Recolha e Utiliza\u00e7\u00e3o<\/h2>\n\n<p>Recolhemos as seguintes informa\u00e7\u00f5es pessoais do utilizador :<\/p>\n\n<p>Contactos Partilhados para Gmail\u00ae:<\/p>\n\n<ol class=\"wp-block-list\">\n<li>Os seus contactos Google: (Ler \/ Escrever): Utilizado para sincronizar os contactos que pretende partilhar com outros utilizadores.<\/li>\n\n\n\n<li>As suas informa\u00e7\u00f5es de utilizador do Google (Apenas leitura) : Utilizado para o autenticar quando acede \u00e0 aplica\u00e7\u00e3o e para exibir o seu perfil de utilizador.<\/li>\n\n\n\n<li>Informa\u00e7\u00e3o do seu diret\u00f3rio Google (Ler \/ Escrever) : Utilizado para conhecer os utilizadores e as listas de distribui\u00e7\u00e3o do seu dom\u00ednio, a fim de lhe permitir partilhar contactos com eles. A permiss\u00e3o de escrita \u00e9 utilizada para permitir que o utilizador actualize o seu perfil de diret\u00f3rio utilizando a aplica\u00e7\u00e3o.<\/li>\n\n\n\n<li>As vossas licen\u00e7as Google (Apenas leitura) : Utilizadas para fornecer descontos, pacotes e promo\u00e7\u00f5es automatizadas s\u00e3o baseadas nas licen\u00e7as Google.<\/li>\n<\/ol>\n\n<p>MAPI para Gmail\u00ae :<\/p>\n\n<ol class=\"wp-block-list\">\n<li>As suas informa\u00e7\u00f5es de utilizador do Google (Apenas leitura) : Utilizado para o autenticar quando acede \u00e0 aplica\u00e7\u00e3o.<\/li>\n\n\n\n<li>Os seus e-mails do Google: Utilizado para criar um rascunho de e-mail e anexar o ficheiro que deseja enviar.<\/li>\n<\/ol>\n\n<p>\u00c9 importante lembrar-lhe que a Gapps Experts Inc. n\u00e3o recupera quaisquer mensagens de correio electr\u00f3nico ou documentos das suas contas Google. Os contactos s\u00e3o recuperados apenas para fins de sincroniza\u00e7\u00e3o e s\u00e3o imediatamente apressados. Para mais informa\u00e7\u00f5es leia a sec\u00e7\u00e3o F de &#8220;Informa\u00e7\u00e3o Armazenada&#8221;.<\/p>\n\n<p>A ContactsFlow\u2122 (formerly Shared Contacts for Gmail\u2122) respeita a sua privacidade e trata os seus dados com o m\u00e1ximo cuidado. Os dados que recebemos das APIs do Google s\u00e3o utilizados exclusivamente para fornecer e melhorar os nossos servi\u00e7os ao utilizador. Cumprimos a <strong>Pol\u00edtica de dados do utilizador dos servi\u00e7os API da Google<\/strong>, incluindo os requisitos de utiliza\u00e7\u00e3o limitada, o que significa que os seus dados <strong>nunca<\/strong> s\u00e3o <strong>utilizados para publicidade ou transferidos para outras aplica\u00e7\u00f5es<\/strong> sem o seu consentimento expl\u00edcito. Pode ler mais sobre estas pol\u00edticas <a href=\"https:\/\/developers.google.com\/terms\/api-services-user-data-policy#additional_requirements_for_specific_api_scopes\" target=\"_blank\" rel=\"noreferrer noopener\">aqui<\/a>.  <\/p>\n\n<h2 class=\"wp-block-heading\">B. Utilizamos esta informa\u00e7\u00e3o para<\/h2>\n\n<ol class=\"wp-block-list\">\n<li>Facilitar e administrar servi\u00e7os comerciais que tenha solicitado atrav\u00e9s das nossas candidaturas.<\/li>\n\n\n\n<li>Se nos fornecer informa\u00e7\u00f5es pessoais sobre outros, ou se outros nos derem as suas informa\u00e7\u00f5es, s\u00f3 utilizaremos essas informa\u00e7\u00f5es pela raz\u00e3o espec\u00edfica pela qual nos foram fornecidas.<\/li>\n<\/ol>\n\n<h2 class=\"wp-block-heading\">C. Divulga\u00e7\u00e3o a Terceiros<\/h2>\n\n<p>Partilharemos as suas informa\u00e7\u00f5es pessoais com terceiros apenas da forma descrita nesta declara\u00e7\u00e3o de privacidade. N\u00e3o vendemos as suas informa\u00e7\u00f5es pessoais a terceiros. Podemos fornecer as suas informa\u00e7\u00f5es pessoais a empresas que prestam servi\u00e7os para nos ajudar nas nossas actividades comerciais, tais como a oferta de servi\u00e7os de apoio ao cliente. Estas empresas est\u00e3o autorizadas a utilizar as suas informa\u00e7\u00f5es pessoais apenas na medida do necess\u00e1rio para nos fornecerem estes servi\u00e7os. Podemos tamb\u00e9m divulgar as suas informa\u00e7\u00f5es pessoais:<\/p>\n\n<ol class=\"wp-block-list\">\n<li>Como exigido por lei, tal como para cumprir uma intima\u00e7\u00e3o, ou processo legal semelhante.<\/li>\n\n\n\n<li>Quando acreditamos de boa f\u00e9 que a divulga\u00e7\u00e3o \u00e9 necess\u00e1ria para proteger os nossos direitos, proteger a sua seguran\u00e7a ou a seguran\u00e7a de terceiros, investigar fraudes, ou responder a um pedido do governo.<\/li>\n\n\n\n<li>Se estivermos envolvidos numa fus\u00e3o, aquisi\u00e7\u00e3o ou venda da totalidade ou de parte dos seus activos, ser\u00e1 notificado por e-mail e\/ou um aviso proeminente atrav\u00e9s da nossa aplica\u00e7\u00e3o de qualquer mudan\u00e7a de propriedade ou utiliza\u00e7\u00e3o das suas informa\u00e7\u00f5es pessoais, bem como de quaisquer escolhas que possa ter relativamente \u00e0s suas informa\u00e7\u00f5es pessoais.<\/li>\n\n\n\n<li>A qualquer outro terceiro com o seu consentimento pr\u00e9vio para o fazer<\/li>\n<\/ol>\n\n<h2 class=\"wp-block-heading\">D. Seguran\u00e7a<\/h2>\n\n<p>A seguran\u00e7a das suas informa\u00e7\u00f5es pessoais \u00e9 importante para n\u00f3s. Tomamos medidas comercialmente razo\u00e1veis e seguimos normas geralmente aceites para proteger a informa\u00e7\u00e3o que nos fornece, tanto durante a transmiss\u00e3o como ap\u00f3s a sua recep\u00e7\u00e3o. Por exemplo, se fornecer informa\u00e7\u00f5es sens\u00edveis como o n\u00famero de um cart\u00e3o de cr\u00e9dito ao comprar uma aplica\u00e7\u00e3o ou atrav\u00e9s da pr\u00f3pria aplica\u00e7\u00e3o, as informa\u00e7\u00f5es fornecidas s\u00e3o transmitidas atrav\u00e9s de encripta\u00e7\u00e3o utilizando tecnologias como a tecnologia Secure Socket Layer (SSL). Nenhum m\u00e9todo de transmiss\u00e3o atrav\u00e9s da Internet, ou m\u00e9todo de armazenamento electr\u00f3nico, \u00e9 100% seguro. Por conseguinte, n\u00e3o podemos garantir a seguran\u00e7a absoluta da sua informa\u00e7\u00e3o.<\/p>\n\n<h2 class=\"wp-block-heading\">E. Tecnologias de rastreio<\/h2>\n\n<p>A Gapps Experts Inc. utiliza o Google Analytics para analisar a utiliza\u00e7\u00e3o dos Contactos Partilhados para o website do Gmail\u00ae por parte dos utilizadores. O c\u00f3digo de rastreio do Google Analytics \u00e9 implementado em www.getsharedcontacts.com e <a href=\"https:\/\/www.mapi4gmail.com\" target=\"_blank\" rel=\"noreferrer noopener\">www.mapi4gmail.com<\/a> e fornece-nos dados agregados a fim de nos ajudar a tomar decis\u00f5es comerciais informadas. Para nos ajudar a seguir as vendas e outras convers\u00f5es, tamb\u00e9m utilizamos cookies de seguimento de convers\u00e3o de Adwords. Al\u00e9m disso, utilizamos a Remarketing e as Audi\u00eancias-alvo para fazer publicidade atrav\u00e9s da Internet. Juntamente com o cookie Google Analytics, o cookie DoubleClick \u00e9 recolhido pelo Google com base no hist\u00f3rico de navega\u00e7\u00e3o do utilizador. Isto ajuda-nos a obter uma compreens\u00e3o mais precisa da demografia, comportamentos e interesses dos nossos visitantes. Associamos ainda os relat\u00f3rios a informa\u00e7\u00f5es individuais pessoalmente identific\u00e1veis que os utilizadores possam ter partilhado connosco. Se quiser optar por n\u00e3o utilizar os cookies do Google, por favor altere as suas defini\u00e7\u00f5es indo \u00e0 p\u00e1gina de Defini\u00e7\u00f5es de an\u00fancios do Google. N\u00f3s ou um terceiro contratado por n\u00f3s podemos utilizar tecnologias tais como cookies, Web beacons, ou scripts para recolher informa\u00e7\u00f5es sobre a forma como voc\u00ea e outras pessoas interagem com a nossa aplica\u00e7\u00e3o. Por exemplo, saberemos quantos utilizadores acedem a uma \u00e1rea ou caracter\u00edstica espec\u00edfica dentro da aplica\u00e7\u00e3o e em que links ou an\u00fancios clicaram. Utilizamos esta informa\u00e7\u00e3o agregada para compreender e optimizar a forma como a nossa aplica\u00e7\u00e3o \u00e9 utilizada, melhorar os nossos esfor\u00e7os de marketing, e fornecer conte\u00fados e caracter\u00edsticas que s\u00e3o do seu interesse. Em \u00faltima an\u00e1lise, o Google, como terceiro, controla a informa\u00e7\u00e3o recolhida atrav\u00e9s do Google Analytics. Verifique e leia atentamente as suas pr\u00e1ticas de privacidade antes de utilizar o s\u00edtio Web de Contactos Partilhados para o Gmail\u00ae. Pode rever informa\u00e7\u00f5es sobre as pr\u00e1ticas de privacidade da Google no que diz respeito ao Google Analytics.<\/p>\n\n<h2 class=\"wp-block-heading\">F. Informa\u00e7\u00e3o armazenada<\/h2>\n\n<p>A Gapps Experts Inc. armazena apenas a informa\u00e7\u00e3o necess\u00e1ria para completar os servi\u00e7os de sincroniza\u00e7\u00e3o. (Consulte a nossa <a href=\"http:\/\/gdpr-compliance\">p\u00e1gina GDPR<\/a> para saber mais sobre isso)<\/p>\n\n<p>ContactsFlow\u2122 (formerly Shared Contacts for Gmail\u2122) est\u00e1 a sincronizar os seus contactos atrav\u00e9s da compara\u00e7\u00e3o de hashes, o que permite ao servi\u00e7o detectar altera\u00e7\u00f5es sem expor nenhum dos seus dados de forma n\u00e3o encriptada nos nossos sistemas.<\/p>\n\n<p>Se activar a fun\u00e7\u00e3o &#8220;c\u00f3pia de seguran\u00e7a dos contactos&#8221;, guardaremos os seus contactos enquanto a sua assinatura paga estiver activa. Poder\u00e1 solicitar a elimina\u00e7\u00e3o destes dados em qualquer altura.<\/p>\n\n<p>Mesmo se instalar o addon Gmail e conceder acesso aos seus dados do Gmail, nunca armazenamos nenhum dos seus e-mails nos nossos sistemas. Utilizamos este acesso apenas para poder mostrar as informa\u00e7\u00f5es de contacto dos seus remetentes de correio electr\u00f3nico.<\/p>\n\n<p>As suas informa\u00e7\u00f5es s\u00e3o armazenadas 6 meses ap\u00f3s a expira\u00e7\u00e3o da sua conta. No entanto, pode solicitar a elimina\u00e7\u00e3o total em qualquer altura antes deste per\u00edodo de car\u00eancia.<\/p>\n\n<h2 class=\"wp-block-heading\">G. Aceder \u00e0 sua informa\u00e7\u00e3o<\/h2>\n\n<p>Para rever, corrigir, ou actualizar as informa\u00e7\u00f5es da sua conta (nome da empresa, nomes de utilizador \/ endere\u00e7o, nome do grupo, informa\u00e7\u00f5es de pagamento, endere\u00e7o), por favor contacte o administrador da sua empresa G Suite \/ Google Workspace, que poder\u00e1 aceder directamente \u00e0 aplica\u00e7\u00e3o para rever e modificar estas informa\u00e7\u00f5es ou ir\u00e1 actualizar estas informa\u00e7\u00f5es atrav\u00e9s da sua consola G Suite.<\/p>\n\n<p>Conservaremos essa informa\u00e7\u00e3o enquanto a sua conta estiver activa ou enquanto for necess\u00e1rio para lhe fornecer servi\u00e7os. Se desejar encerrar a sua conta ou solicitar que deixemos de utilizar as suas informa\u00e7\u00f5es para lhe fornecer servi\u00e7os, contacte o Administrador da sua organiza\u00e7\u00e3o.<\/p>\n\n<p>O seu administrador pode optar por desinstalar este aplicativo, altura em que o administrador da conta \u00e9 respons\u00e1vel por notific\u00e1-lo relativamente \u00e0 utiliza\u00e7\u00e3o descontinuada deste aplicativo pela sua empresa. Conservaremos e utilizaremos as suas informa\u00e7\u00f5es na medida do necess\u00e1rio para cumprir as nossas obriga\u00e7\u00f5es legais, resolver disputas, e fazer cumprir os nossos acordos.<\/p>\n\n<h2 class=\"wp-block-heading\">H. Aceder \u00e0s informa\u00e7\u00f5es dos seus contactos<\/h2>\n\n<p>Para aceder aos seus contactos, pode utilizar  <a href=\"https:\/\/app.gmailsharedcontacts.com\">Contactos partilhados para o painel de controlo do Gmail\u00ae<\/a> ou interface de Contactos Gmail\u00ae (<a href=\"https:\/\/www.google.com\/contacts\/\" target=\"_blank\" rel=\"noreferrer noopener\">https:\/\/www.google.com\/contacts<\/a> ) ou, se estiver a utilizar a Edi\u00e7\u00e3o Corporativa de Contactos Partilhados para o Gmail\u00ae e tiver activado o backup, voc\u00ea ou o seu administrador poder\u00e1 aceder \/ eliminar estas informa\u00e7\u00f5es na p\u00e1gina &#8220;Backup&#8221; (  <a href=\"https:\/\/app.gmailsharedcontacts.com\/backup\">https:\/\/app.gmailsharedcontacts.com\/backup<\/a> )<\/p>\n\n<p>As aplica\u00e7\u00f5es fornecidas pela Gapps Experts Inc s\u00e3o compat\u00edveis com a GDPR.<\/p>\n\n<h2 class=\"wp-block-heading\">I. Actualiza\u00e7\u00f5es da Declara\u00e7\u00e3o de Privacidade<\/h2>\n\n<p>Podemos actualizar esta declara\u00e7\u00e3o de privacidade para reflectir altera\u00e7\u00f5es ao nosso neg\u00f3cio ou a esta aplica\u00e7\u00e3o, uma vez que diz respeito \u00e0s informa\u00e7\u00f5es recolhidas junto de si e \u00e0 nossa utiliza\u00e7\u00e3o das mesmas. Se a altera\u00e7\u00e3o tiver impacto na forma como utilizamos ou tratamos a informa\u00e7\u00e3o recolhida de si, enviar-lhe-emos um e-mail e\/ou ao administrador da sua organiza\u00e7\u00e3o, ou publicaremos um aviso onde aceder\u00e1 pela primeira vez a esta aplica\u00e7\u00e3o antes de a altera\u00e7\u00e3o se tornar efectiva. Encorajamo-lo a rever periodicamente esta p\u00e1gina para obter as \u00faltimas informa\u00e7\u00f5es sobre as nossas pr\u00e1ticas de privacidade.<\/p>\n\n<h2 class=\"wp-block-heading\">J. Contacto<\/h2>\n\n<p>Pode contactar-nos escrevendo-nos ou enviando-nos um e-mail ou telefonando-nos para os detalhes listados na nossa p\u00e1gina de contacto.<\/p>\n","protected":false},"excerpt":{"rendered":"<p>Esta declara\u00e7\u00e3o de privacidade descreve a forma como a Gapps Experts Inc. recolhe e utiliza as informa\u00e7\u00f5es que fornece nos Contactos Partilhados para o Gmail\u00ae, MAPI para o Gmail\u00ae e outras aplica\u00e7\u00f5es online fornecidas pela Gapps Experts Inc. Descreve tamb\u00e9m as escolhas dispon\u00edveis relativamente \u00e0 nossa utiliza\u00e7\u00e3o das suas informa\u00e7\u00f5es e como pode aceder e [&hellip;]<\/p>\n","protected":false},"author":1,"featured_media":0,"parent":0,"menu_order":0,"comment_status":"closed","ping_status":"open","template":"","meta":{"inline_featured_image":false,"footnotes":""},"class_list":["post-22717","page","type-page","status-publish","hentry"],"acf":[],"_links":{"self":[{"href":"https:\/\/getsharedcontacts.com\/pt-pt\/wp-json\/wp\/v2\/pages\/22717","targetHints":{"allow":["GET"]}}],"collection":[{"href":"https:\/\/getsharedcontacts.com\/pt-pt\/wp-json\/wp\/v2\/pages"}],"about":[{"href":"https:\/\/getsharedcontacts.com\/pt-pt\/wp-json\/wp\/v2\/types\/page"}],"author":[{"embeddable":true,"href":"https:\/\/getsharedcontacts.com\/pt-pt\/wp-json\/wp\/v2\/users\/1"}],"replies":[{"embeddable":true,"href":"https:\/\/getsharedcontacts.com\/pt-pt\/wp-json\/wp\/v2\/comments?post=22717"}],"version-history":[{"count":3,"href":"https:\/\/getsharedcontacts.com\/pt-pt\/wp-json\/wp\/v2\/pages\/22717\/revisions"}],"predecessor-version":[{"id":29403,"href":"https:\/\/getsharedcontacts.com\/pt-pt\/wp-json\/wp\/v2\/pages\/22717\/revisions\/29403"}],"wp:attachment":[{"href":"https:\/\/getsharedcontacts.com\/pt-pt\/wp-json\/wp\/v2\/media?parent=22717"}],"curies":[{"name":"wp","href":"https:\/\/api.w.org\/{rel}","templated":true}]}}