{"id":22711,"date":"2023-01-03T12:07:03","date_gmt":"2023-01-03T12:07:03","guid":{"rendered":"https:\/\/www.getsharedcontacts.com\/os-nossos-parceiros\/"},"modified":"2023-01-24T14:56:13","modified_gmt":"2023-01-24T14:56:13","slug":"os-nossos-parceiros","status":"publish","type":"page","link":"https:\/\/getsharedcontacts.com\/pt-pt\/os-nossos-parceiros\/","title":{"rendered":"Os nossos parceiros"},"content":{"rendered":"\n<p class=\"has-text-align-center\">Estas empresas escolheram os Contactos Partilhados para Gmail\u00ae como a solu\u00e7\u00e3o de Gest\u00e3o de Contactos para os seus clientes.<\/p>\n\n\n\n<figure class=\"wp-block-table aligncenter\"><table class=\"has-fixed-layout\"><tbody><tr><td class=\"has-text-align-center\" data-align=\"center\"><img decoding=\"async\" class=\"wp-image-17191\" style=\"width: 150px;\" src=\"https:\/\/www.getsharedcontacts.com\/wp-content\/uploads\/2022\/05\/Counterpoint-logo-rectangle-1.png\" alt=\"\"><\/td><td class=\"has-text-align-center\" data-align=\"center\"><img loading=\"lazy\" decoding=\"async\" width=\"145\" height=\"68\" class=\"wp-image-17201\" style=\"width: 145px;\" src=\"https:\/\/www.getsharedcontacts.com\/wp-content\/uploads\/2022\/05\/umzuzu.jpg\" alt=\"\"><\/td><td class=\"has-text-align-center\" data-align=\"center\"><img loading=\"lazy\" decoding=\"async\" width=\"150\" height=\"35\" class=\"wp-image-17232\" style=\"width: 150px;\" src=\"https:\/\/www.getsharedcontacts.com\/wp-content\/uploads\/2022\/05\/steegle.png\" alt=\"\" srcset=\"https:\/\/getsharedcontacts.com\/wp-content\/uploads\/2022\/05\/steegle.png 188w, https:\/\/getsharedcontacts.com\/wp-content\/uploads\/2022\/05\/steegle-150x35.png 150w\" sizes=\"auto, (max-width: 150px) 100vw, 150px\" \/><\/td><\/tr><tr><td class=\"has-text-align-center\" data-align=\"center\"><a href=\"https:\/\/www.counterpoint.com.fj\/\" target=\"_blank\" rel=\"noreferrer noopener\">Contraponto<\/a><\/td><td class=\"has-text-align-center\" data-align=\"center\"><a href=\"http:\/\/umzuzu.com\/\" target=\"_blank\" rel=\"noreferrer noopener\">Umzuzu<\/a><\/td><td class=\"has-text-align-center\" data-align=\"center\"><a href=\"https:\/\/www.steegle.com\/\" target=\"_blank\" rel=\"noreferrer noopener\">Steegle<\/a><\/td><\/tr><tr><td class=\"has-text-align-center\" data-align=\"center\">Vivemos e respiramos os servi\u00e7os Google, Digital &amp; I.T.<br><br>A nossa equipa Digital concentra-se na concep\u00e7\u00e3o e desenvolvimento web, alojamento web, SEO, Google AdWords (SEM ou Pay-per-Click), automatiza\u00e7\u00e3o do marketing por correio electr\u00f3nico, e projectos de transforma\u00e7\u00e3o digital.<\/td><td class=\"has-text-align-center\" data-align=\"center\">A miss\u00e3o da Umzuzu \u00e9 simples; estamos aqui para o ajudar a aproveitar o melhor que a Nuvem tem para oferecer.<br><br>Os empregados da Umzuzu t\u00eam experi\u00eancia como Directores de TI, Executivos de Opera\u00e7\u00f5es, Consultores de Gest\u00e3o, Integradores de Sistemas e Professores. Somos tamb\u00e9m uma empresa sem servidores.<\/td><td class=\"has-text-align-center\" data-align=\"center\">Steegle \u00e9 um parceiro Google Cloud Partner de longa data que analisa as necessidades comerciais dos clientes e ajuda a desbloquear valor e produtividade ao migrar clientes dos sistemas antigos para a poderosa nuvem do google.<\/td><\/tr><tr><td class=\"has-text-align-center\" data-align=\"center\"><br><br><br><br><img loading=\"lazy\" decoding=\"async\" width=\"150\" height=\"44\" class=\"wp-image-17251\" style=\"width: 150px;\" src=\"https:\/\/www.getsharedcontacts.com\/wp-content\/uploads\/2022\/05\/devoteam.png\" alt=\"\" srcset=\"https:\/\/getsharedcontacts.com\/wp-content\/uploads\/2022\/05\/devoteam.png 413w, https:\/\/getsharedcontacts.com\/wp-content\/uploads\/2022\/05\/devoteam-300x89.png 300w, https:\/\/getsharedcontacts.com\/wp-content\/uploads\/2022\/05\/devoteam-150x44.png 150w\" sizes=\"auto, (max-width: 150px) 100vw, 150px\" \/><\/td><td class=\"has-text-align-center\" data-align=\"center\"><br><br><br><br><img loading=\"lazy\" decoding=\"async\" width=\"150\" height=\"37\" class=\"wp-image-17260\" style=\"width: 150px;\" src=\"https:\/\/www.getsharedcontacts.com\/wp-content\/uploads\/2022\/05\/easyG_Apps.png\" alt=\"\" srcset=\"https:\/\/getsharedcontacts.com\/wp-content\/uploads\/2022\/05\/easyG_Apps.png 295w, https:\/\/getsharedcontacts.com\/wp-content\/uploads\/2022\/05\/easyG_Apps-150x37.png 150w\" sizes=\"auto, (max-width: 150px) 100vw, 150px\" \/><br><\/td><td class=\"has-text-align-center\" data-align=\"center\"><\/td><\/tr><tr><td class=\"has-text-align-center\" data-align=\"center\"><a href=\"https:\/\/gcloud.devoteam.com\/\" target=\"_blank\" rel=\"noreferrer noopener\">Devoteam GCloud<\/a><\/td><td class=\"has-text-align-center\" data-align=\"center\"><a href=\"https:\/\/easygapps.com\/\" target=\"_blank\" rel=\"noreferrer noopener\">EasyG Apps<\/a><\/td><td class=\"has-text-align-center\" data-align=\"center\"><\/td><\/tr><tr><td class=\"has-text-align-center\" data-align=\"center\">Com +2300 clientes satisfeitos em mais de 20 pa\u00edses, Devoteam G Cloud \u00e9 um l\u00edder global nas tecnologias Google Cloud e um parceiro de confian\u00e7a do Google Cloud Premier h\u00e1 uma d\u00e9cada.<\/td><td class=\"has-text-align-center\" data-align=\"center\">USA Corp \u00e9 um parceiro do Google Cloud desde 2011. A nossa equipa inclui um Especialista de Vendas Certificado Google e um Especialista em Implanta\u00e7\u00e3o Certificado Google. Prestamos servi\u00e7os especializados em tecnologias de informa\u00e7\u00e3o e servi\u00e7os de consultoria de gest\u00e3o.  <\/td><td class=\"has-text-align-center\" data-align=\"center\"><\/td><\/tr><\/tbody><\/table><\/figure>\n\n\n\n<p><\/p>\n\n\n\n<pre class=\"wp-block-preformatted\"><\/pre>\n","protected":false},"excerpt":{"rendered":"<p>Estas empresas escolheram os Contactos Partilhados para Gmail\u00ae como a solu\u00e7\u00e3o de Gest\u00e3o de Contactos para os seus clientes. Contraponto Umzuzu Steegle Vivemos e respiramos os servi\u00e7os Google, Digital &amp; I.T. A nossa equipa Digital concentra-se na concep\u00e7\u00e3o e desenvolvimento web, alojamento web, SEO, Google AdWords (SEM ou Pay-per-Click), automatiza\u00e7\u00e3o do marketing por correio electr\u00f3nico, [&hellip;]<\/p>\n","protected":false},"author":1,"featured_media":0,"parent":0,"menu_order":0,"comment_status":"closed","ping_status":"closed","template":"","meta":{"inline_featured_image":false,"footnotes":""},"class_list":["post-22711","page","type-page","status-publish","hentry"],"acf":[],"_links":{"self":[{"href":"https:\/\/getsharedcontacts.com\/pt-pt\/wp-json\/wp\/v2\/pages\/22711","targetHints":{"allow":["GET"]}}],"collection":[{"href":"https:\/\/getsharedcontacts.com\/pt-pt\/wp-json\/wp\/v2\/pages"}],"about":[{"href":"https:\/\/getsharedcontacts.com\/pt-pt\/wp-json\/wp\/v2\/types\/page"}],"author":[{"embeddable":true,"href":"https:\/\/getsharedcontacts.com\/pt-pt\/wp-json\/wp\/v2\/users\/1"}],"replies":[{"embeddable":true,"href":"https:\/\/getsharedcontacts.com\/pt-pt\/wp-json\/wp\/v2\/comments?post=22711"}],"version-history":[{"count":2,"href":"https:\/\/getsharedcontacts.com\/pt-pt\/wp-json\/wp\/v2\/pages\/22711\/revisions"}],"predecessor-version":[{"id":23622,"href":"https:\/\/getsharedcontacts.com\/pt-pt\/wp-json\/wp\/v2\/pages\/22711\/revisions\/23622"}],"wp:attachment":[{"href":"https:\/\/getsharedcontacts.com\/pt-pt\/wp-json\/wp\/v2\/media?parent=22711"}],"curies":[{"name":"wp","href":"https:\/\/api.w.org\/{rel}","templated":true}]}}