{"id":22334,"date":"2022-12-22T12:31:42","date_gmt":"2022-12-22T12:31:42","guid":{"rendered":"https:\/\/www.getsharedcontacts.com\/cumprimento-do-gdpr\/"},"modified":"2022-12-22T12:31:43","modified_gmt":"2022-12-22T12:31:43","slug":"cumprimento-do-gdpr","status":"publish","type":"page","link":"https:\/\/getsharedcontacts.com\/pt-pt\/cumprimento-do-gdpr\/","title":{"rendered":"Cumprimento do GDPR"},"content":{"rendered":"\n<p>O GDPR (General Data Protection Regulation) \u00e9 um regulamento importante promulgado pela Comiss\u00e3o Europeia. O objectivo deste regulamento \u00e9 proteger os dados pessoais dos europeus, armazenados por organiza\u00e7\u00f5es e empresas.<\/p>\n\n<p>Contactos Partilhados para Gmail\u00ae \u00e9 compat\u00edvel com GDPR. Por conseguinte, temos a responsabilidade de o manter informado sobre os dados que recolhemos e como pode exercer os seus direitos de acesso, rectifica\u00e7\u00e3o, restri\u00e7\u00e3o de portabilidade e elimina\u00e7\u00e3o (ou &#8220;direito a ser esquecido&#8221;).<\/p>\n\n<figure class=\"wp-block-image size-full\"><img loading=\"lazy\" decoding=\"async\" width=\"990\" height=\"556\" src=\"https:\/\/www.getsharedcontacts.com\/wp-content\/uploads\/2022\/08\/page-gdpr-photo.jpg\" alt=\"\" class=\"wp-image-18529\" srcset=\"https:\/\/getsharedcontacts.com\/wp-content\/uploads\/2022\/08\/page-gdpr-photo.jpg 990w, https:\/\/getsharedcontacts.com\/wp-content\/uploads\/2022\/08\/page-gdpr-photo-300x168.jpg 300w, https:\/\/getsharedcontacts.com\/wp-content\/uploads\/2022\/08\/page-gdpr-photo-150x84.jpg 150w, https:\/\/getsharedcontacts.com\/wp-content\/uploads\/2022\/08\/page-gdpr-photo-768x431.jpg 768w\" sizes=\"auto, (max-width: 990px) 100vw, 990px\" \/><\/figure>\n\n<h2 class=\"wp-block-heading\">QUE INFORMA\u00c7\u00c3O \u00c9 ARMAZENADA EM <em>CONTACTOS PARTILHADOS PARA<\/em> SISTEMAS <em>GMAIL\u00ae<\/em> E COMO APAG\u00c1-LA?<\/h2>\n\n<h3 class=\"wp-block-heading\">Informa\u00e7\u00e3o sobre a sua conta<\/h3>\n\n<p>Estamos a armazenar as informa\u00e7\u00f5es da sua conta (nome da sua empresa, nomes de utilizador\/endere\u00e7o, nomes de grupo, informa\u00e7\u00f5es de pagamento, endere\u00e7o) a fim de comunicar consigo e poder prestar o servi\u00e7o que subscreveu. Conservaremos e utilizaremos as suas informa\u00e7\u00f5es na medida do necess\u00e1rio para cumprir as nossas obriga\u00e7\u00f5es legais, resolver disputas, e fazer cumprir os nossos acordos.<\/p>\n\n<p>A informa\u00e7\u00e3o sobre a sua conta que armazenamos inclui:<\/p>\n\n<ul class=\"wp-block-list\"><li>O seu nome de utilizador e endere\u00e7o de e-mail do Google<\/li><li>O seu n\u00famero de telefone<\/li><li>Os utilizadores no seu dom\u00ednio (se utilizar G Suite ou Google Workspace)<\/li><li>As suas defini\u00e7\u00f5es de partilha (para gerir as permiss\u00f5es de quem pode aceder a que grupo de contacto)<\/li><li>As configura\u00e7\u00f5es b\u00e1sicas do utilizador que utiliza para as suas informa\u00e7\u00f5es do Google Workspace \/ G Suite (como nome de dom\u00ednio, G Suite \/ Google Workspace Edition, L\u00edngua e pa\u00eds, etc.)<\/li><\/ul>\n\n<h3 class=\"wp-block-heading\">Informa\u00e7\u00f5es dos seus contactos<\/h3>\n\n<p>As informa\u00e7\u00f5es de contacto armazenadas nos nossos sistemas s\u00e3o as seguintes:<\/p>\n\n<ul class=\"wp-block-list\"><li>Os nomes das suas etiquetas de contacto (para que estas possam ser partilhadas por si ou pela sua organiza\u00e7\u00e3o)<\/li><li>Os seus nomes, n\u00fameros de telefone, endere\u00e7os electr\u00f3nicos e toda a informa\u00e7\u00e3o que possa ter introduzido nos campos de contacto padr\u00e3o (como endere\u00e7o f\u00edsico, nome da empresa, t\u00edtulos de emprego&#8230;)<\/li><li>Informa\u00e7\u00e3o armazenada em campos personalizados que poder\u00e1 ter criado<\/li><li>Notas e coment\u00e1rios adicionados pelos seus colaboradores.<\/li><\/ul>\n\n<p>A fim de comparar contactos actualizados sem expor qualquer detalhe pessoal, estamos a utilizar <a href=\"https:\/\/en.wikipedia.org\/wiki\/Hash_function\" target=\"_blank\" rel=\"noreferrer noopener\">fun\u00e7\u00f5es de hash de<\/a> alta encripta\u00e7\u00e3o.<\/p>\n\n<p>Tamb\u00e9m usamos fun\u00e7\u00f5es de <a href=\"https:\/\/en.wikipedia.org\/wiki\/Hash_function\" target=\"_blank\" rel=\"noreferrer noopener\">hash<\/a> para comparar contactos actualizados sem armazenar qualquer detalhe pessoal.<\/p>\n\n<p>Para apagar\/remover qualquer contacto partilhado, qualquer pessoa que tenha a permiss\u00e3o &#8220;Pode Apagar&#8221; poder\u00e1 faz\u00ea-lo a partir do seu <a href=\"https:\/\/www.google.com\/contacts\" target=\"_blank\" rel=\"noreferrer noopener\">Gestor de Contactos do Google<\/a>.<\/p>\n\n<p>O ContactsFlow\u2122 (formerly Shared Contacts for Gmail\u2122) est\u00e1 em conformidade com os regulamentos da GDPR. Isto significa que respeitamos o seu direito de propriedade dos conte\u00fados criados ou armazenados por si. A menos que seja especificamente permitido por si, n\u00e3o utilizaremos, reproduziremos, adaptaremos, modificaremos, publicaremos ou distribuiremos qualquer conte\u00fado que tenha criado. Se desejar encerrar a sua conta ou solicitar que deixemos de utilizar as suas informa\u00e7\u00f5es para lhe prestarmos servi\u00e7os, f\u00e1-lo-emos de acordo com os regulamentos.<\/p>\n\n<h2 class=\"wp-block-heading\">O QUE ACONTECE AOS MEUS DADOS QUANDO CANCELO A MINHA SUBSCRI\u00c7\u00c3O DE CONTACTOS PARTILHADOS PARA O GMAIL\u00ae?<\/h2>\n\n<h3 class=\"wp-block-heading\">Informa\u00e7\u00f5es dos seus contactos<\/h3>\n\n<p>Depois de cancelar a sua subscri\u00e7\u00e3o, o ContactsFlow\u2122 (formerly Shared Contacts for Gmail\u2122) manter\u00e1 os seus dados de contacto na sua base de dados de sistemas durante um poss\u00edvel restauro por um per\u00edodo de 6 meses. O nosso sistema ter\u00e1 os seus dados apagados permanentemente ap\u00f3s esse per\u00edodo.<\/p>\n\n<p>No entanto, se tiver a certeza de n\u00e3o precisar mais dos seus dados, pode solicitar a elimina\u00e7\u00e3o antes deste per\u00edodo de car\u00eancia de 6 meses.  <\/p>\n\n<p><strong>Aten\u00e7\u00e3o: Desinstalar a aplica\u00e7\u00e3o do Google n\u00e3o funciona como um cancelamento. Para cancelar a sua subscri\u00e7\u00e3o, deve utilizar o painel de bordo da GappsExperts acess\u00edvel a partir de <a href=\"https:\/\/app.gmailsharedcontacts.com\">https:\/\/app.gmailsharedcontacts.com<\/a>.<\/strong><\/p>\n\n<h3 class=\"wp-block-heading\">Informa\u00e7\u00e3o sobre a sua conta<\/h3>\n\n<p>Conservaremos e utilizaremos as informa\u00e7\u00f5es da sua pr\u00f3pria conta (nome da empresa, telefone, e-mail de contacto, etc.) conforme necess\u00e1rio para cumprir as nossas obriga\u00e7\u00f5es legais, resolver disputas, e fazer cumprir os nossos acordos. Pode escrever um pedido por correio electr\u00f3nico para apagar permanentemente os seus dados pessoais. Nunca armazenamos informa\u00e7\u00e3o para al\u00e9m da nossa obriga\u00e7\u00e3o legal de a guardar. Da mesma forma, apenas possu\u00edmos a informa\u00e7\u00e3o necess\u00e1ria para prestar o nosso servi\u00e7o.  <\/p>\n\n<p><\/p>\n\n<h3 class=\"wp-block-heading\">Que informa\u00e7\u00e3o \u00e9 armazenada em Contactos Partilhados para Gmail\u00ae?<\/h3>\n\n<p>A fim de lhe fornecer o melhor servi\u00e7o, o ContactsFlow\u2122 (formerly Shared Contacts for Gmail\u2122) armazena os seguintes dados:<\/p>\n\n<ul class=\"wp-block-list\"><li>Os nomes dos seus grupos de contacto (para que estes possam ser partilhados por si ou pela sua organiza\u00e7\u00e3o)<\/li><li>Os nomes dos seus grupos de utilizadores (a fim de facilitar a partilha com uma mailing list)<\/li><li>Defini\u00e7\u00f5es de partilha (para gerir as permiss\u00f5es de quem pode aceder a que grupo de contacto)<\/li><li>Os utilizadores no seu dom\u00ednio (se utilizar G Suite)<\/li><li>L\u00edngua e pa\u00eds<\/li><\/ul>\n\n<p>Estamos a utilizar <a href=\"https:\/\/en.wikipedia.org\/wiki\/Hash_function\" target=\"_blank\" rel=\"noreferrer noopener\">fun\u00e7\u00f5es de hash de<\/a> alta encripta\u00e7\u00e3o para comparar contactos actualizados sem expor qualquer detalhe pessoal.<\/p>\n\n<h3 class=\"wp-block-heading\">Quem pode contactar para a inspec\u00e7\u00e3o de dados?<\/h3>\n\n<p>Para qualquer consulta relativa ao acesso aos seus dados pessoais, pedido de elimina\u00e7\u00e3o, ou qualquer informa\u00e7\u00e3o sobre os nossos processos internos de gest\u00e3o de dados pessoais, pode contactar o nosso respons\u00e1vel pela protec\u00e7\u00e3o de dados (RPD) em <a href=\"mailto:dpo@getsharedcontacts.com\">dpo@getsharedcontacts.com<\/a>.<\/p>\n","protected":false},"excerpt":{"rendered":"<p>O GDPR (General Data Protection Regulation) \u00e9 um regulamento importante promulgado pela Comiss\u00e3o Europeia. O objectivo deste regulamento \u00e9 proteger os dados pessoais dos europeus, armazenados por organiza\u00e7\u00f5es e empresas. Contactos Partilhados para Gmail\u00ae \u00e9 compat\u00edvel com GDPR. Por conseguinte, temos a responsabilidade de o manter informado sobre os dados que recolhemos e como pode [&hellip;]<\/p>\n","protected":false},"author":1,"featured_media":0,"parent":0,"menu_order":0,"comment_status":"closed","ping_status":"closed","template":"","meta":{"inline_featured_image":false,"footnotes":""},"class_list":["post-22334","page","type-page","status-publish","hentry"],"acf":[],"_links":{"self":[{"href":"https:\/\/getsharedcontacts.com\/pt-pt\/wp-json\/wp\/v2\/pages\/22334","targetHints":{"allow":["GET"]}}],"collection":[{"href":"https:\/\/getsharedcontacts.com\/pt-pt\/wp-json\/wp\/v2\/pages"}],"about":[{"href":"https:\/\/getsharedcontacts.com\/pt-pt\/wp-json\/wp\/v2\/types\/page"}],"author":[{"embeddable":true,"href":"https:\/\/getsharedcontacts.com\/pt-pt\/wp-json\/wp\/v2\/users\/1"}],"replies":[{"embeddable":true,"href":"https:\/\/getsharedcontacts.com\/pt-pt\/wp-json\/wp\/v2\/comments?post=22334"}],"version-history":[{"count":1,"href":"https:\/\/getsharedcontacts.com\/pt-pt\/wp-json\/wp\/v2\/pages\/22334\/revisions"}],"predecessor-version":[{"id":22335,"href":"https:\/\/getsharedcontacts.com\/pt-pt\/wp-json\/wp\/v2\/pages\/22334\/revisions\/22335"}],"wp:attachment":[{"href":"https:\/\/getsharedcontacts.com\/pt-pt\/wp-json\/wp\/v2\/media?parent=22334"}],"curies":[{"name":"wp","href":"https:\/\/api.w.org\/{rel}","templated":true}]}}