{"id":22355,"date":"2022-12-22T13:25:44","date_gmt":"2022-12-22T13:25:44","guid":{"rendered":"https:\/\/www.getsharedcontacts.com\/informativa-sulla-privacy\/"},"modified":"2023-12-11T14:52:17","modified_gmt":"2023-12-11T14:52:17","slug":"informativa-sulla-privacy","status":"publish","type":"page","link":"https:\/\/getsharedcontacts.com\/it\/informativa-sulla-privacy\/","title":{"rendered":"Informativa sulla privacy"},"content":{"rendered":"\n<p>Questa dichiarazione sulla privacy descrive come Gapps Experts Inc. raccoglie e utilizza le informazioni fornite dall&#8217;utente su ContactsFlow\u2122 (formerly Shared Contacts for Gmail\u2122), MAPI for Gmail\u00ae e altre applicazioni online fornite da Gapps Experts Inc. Descrive inoltre le scelte a disposizione dell&#8217;utente in merito all&#8217;utilizzo delle sue informazioni e le modalit\u00e0 di accesso e aggiornamento delle stesse.<\/p>\n\n<h2 class=\"wp-block-heading\">A. Raccolta e utilizzo<\/h2>\n\n<p>Raccogliamo le seguenti informazioni personali:<\/p>\n\n<p>Contatti condivisi per Gmail\u00ae:<\/p>\n\n<ol class=\"wp-block-list\">\n<li>Contatti Google: (lettura\/scrittura): Serve a sincronizzare i contatti che si desidera condividere con altri utenti.<\/li>\n\n\n\n<li>Informazioni utente Google (solo lettura) : Utilizzato per autenticare l&#8217;utente quando si accede all&#8217;applicazione e per visualizzare il suo profilo utente.<\/li>\n\n\n\n<li>Informazioni sulla vostra directory di Google (lettura\/scrittura) : Serve a conoscere gli utenti e le mailing list del vostro dominio per consentirvi di condividere i contatti con loro. L&#8217;autorizzazione di scrittura viene utilizzata per consentire all&#8217;utente di aggiornare il proprio profilo di directory utilizzando l&#8217;applicazione.<\/li>\n\n\n\n<li>Le vostre licenze Google (solo lettura) : Utilizzato per fornire sconti automatici, pacchetti e promozioni basati sulle licenze Google.<\/li>\n<\/ol>\n\n<p>MAPI per Gmail\u00ae :<\/p>\n\n<ol class=\"wp-block-list\">\n<li>Informazioni utente Google (solo lettura) : Utilizzate per autenticarvi quando accedete all&#8217;applicazione.<\/li>\n\n\n\n<li>Le vostre e-mail di Google: Consente di creare una bozza di e-mail e di allegare il file che si desidera inviare.<\/li>\n<\/ol>\n\n<p>\u00c8 importante ricordare che Gapps Experts Inc. non recupera alcun messaggio di posta elettronica o documento dai vostri account Google. I contatti vengono recuperati solo a scopo di sincronizzazione e vengono immediatamente sottoposti a hashtag. Per ulteriori informazioni, leggete la sezione F &#8220;Informazioni memorizzate&#8221;.<\/p>\n\n<p>ContactsFlow\u2122 (formerly Shared Contacts for Gmail\u2122) rispetta la vostra privacy e tratta i vostri dati con la massima attenzione. I dati che riceviamo dalle API di Google vengono utilizzati esclusivamente per fornire e migliorare i nostri servizi all&#8217;utente. Aderiamo alle <strong>Norme sui dati degli utenti dei servizi API di Google<\/strong>, compresi i requisiti di utilizzo limitato, il che significa che i vostri dati <strong>non vengono mai utilizzati per la pubblicit\u00e0 o trasferiti ad altre applicazioni<\/strong> senza il vostro esplicito consenso. Per saperne di pi\u00f9 su queste politiche, <a href=\"https:\/\/developers.google.com\/terms\/api-services-user-data-policy#additional_requirements_for_specific_api_scopes\" target=\"_blank\" rel=\"noreferrer noopener\">cliccate qui<\/a>.  <\/p>\n\n<h2 class=\"wp-block-heading\">B. Utilizziamo queste informazioni per<\/h2>\n\n<ol class=\"wp-block-list\">\n<li>Facilitare e gestire i servizi commerciali richiesti dall&#8217;utente attraverso le nostre applicazioni.<\/li>\n\n\n\n<li>Se ci fornite informazioni personali su altri, o se altri ci forniscono le vostre informazioni, le utilizzeremo solo per il motivo specifico per cui ci sono state fornite.<\/li>\n<\/ol>\n\n<h2 class=\"wp-block-heading\">C. Divulgazione a terzi<\/h2>\n\n<p>Condivideremo i vostri dati personali con terzi solo nei modi descritti nella presente informativa sulla privacy. Non vendiamo i vostri dati personali a terzi. Potremmo fornire i vostri dati personali a societ\u00e0 che forniscono servizi per aiutarci nelle nostre attivit\u00e0 commerciali, come ad esempio l&#8217;offerta di servizi di assistenza ai clienti. Queste societ\u00e0 sono autorizzate a utilizzare le informazioni personali dell&#8217;utente solo nella misura necessaria a fornire questi servizi a noi. Possiamo anche divulgare le vostre informazioni personali:<\/p>\n\n<ol class=\"wp-block-list\">\n<li>Come richiesto dalla legge, ad esempio per ottemperare a una citazione in giudizio o a un procedimento legale simile.<\/li>\n\n\n\n<li>Quando riteniamo in buona fede che la divulgazione sia necessaria per tutelare i nostri diritti, proteggere la vostra sicurezza o quella di altri, indagare su frodi o rispondere a una richiesta governativa.<\/li>\n\n\n\n<li>Se la societ\u00e0 \u00e8 coinvolta in una fusione, acquisizione o vendita di tutti o di una parte dei suoi beni, l&#8217;utente verr\u00e0 informato via e-mail e\/o con un avviso ben visibile attraverso la nostra app di qualsiasi cambiamento nella propriet\u00e0 o nell&#8217;utilizzo dei suoi dati personali, nonch\u00e9 delle scelte che pu\u00f2 avere in merito ai suoi dati personali.<\/li>\n\n\n\n<li>a qualsiasi altra terza parte, previo consenso dell&#8217;utente<\/li>\n<\/ol>\n\n<h2 class=\"wp-block-heading\">D. Sicurezza<\/h2>\n\n<p>La sicurezza dei vostri dati personali \u00e8 importante per noi. Adottiamo misure commercialmente ragionevoli e seguiamo gli standard generalmente accettati per proteggere le informazioni che ci fornite, sia durante la trasmissione che una volta ricevute. Ad esempio, se l&#8217;utente fornisce informazioni sensibili come il numero di una carta di credito al momento dell&#8217;acquisto di un&#8217;applicazione o attraverso l&#8217;applicazione stessa, le informazioni fornite vengono trasmesse tramite crittografia utilizzando tecnologie come la tecnologia secure socket layer (SSL). Nessun metodo di trasmissione su Internet o di archiviazione elettronica \u00e8 sicuro al 100%. Pertanto, non possiamo garantire la sicurezza assoluta delle vostre informazioni.<\/p>\n\n<h2 class=\"wp-block-heading\">E. Tecnologie di tracciamento<\/h2>\n\n<p>Gapps Experts Inc. utilizza Google Analytics per analizzare l&#8217;utilizzo del sito web di ContactsFlow\u2122 (formerly Shared Contacts for Gmail\u2122) da parte degli utenti. Il codice di tracciamento di Google Analytics \u00e8 implementato in www.getsharedcontacts.com e <a href=\"https:\/\/www.mapi4gmail.com\" target=\"_blank\" rel=\"noreferrer noopener\">www.mapi4gmail.com<\/a> e ci fornisce dati aggregati per aiutarci a prendere decisioni commerciali informate. Per aiutarci a monitorare le vendite e altre conversioni, utilizziamo anche i cookie di Adwords Conversion Tracking. Inoltre, utilizziamo il Remarketing e i Target mirati per fare pubblicit\u00e0 su Internet. Oltre al cookie di Google Analytics, il cookie DoubleClick viene raccolto da Google in base alla cronologia di navigazione dell&#8217;utente. Questo ci aiuta a comprendere meglio i dati demografici, i comportamenti e gli interessi dei nostri visitatori. Inoltre, associamo i rapporti alle singole informazioni di identificazione personale che gli utenti possono aver condiviso con noi. Se volete rinunciare all&#8217;uso dei cookie da parte di Google, modificate le vostre impostazioni andando alla pagina delle impostazioni degli annunci di Google. Noi o una terza parte da noi incaricata possiamo utilizzare tecnologie quali cookie, Web beacon o script per raccogliere informazioni su come voi e altri interagite con la nostra applicazione. Ad esempio, sapremo quanti utenti accedono a un&#8217;area o a una funzione specifica all&#8217;interno dell&#8217;app e quali link o annunci hanno cliccato. Utilizziamo queste informazioni aggregate per comprendere e ottimizzare l&#8217;utilizzo della nostra applicazione, migliorare le nostre attivit\u00e0 di marketing e fornire contenuti e funzionalit\u00e0 di interesse per l&#8217;utente. In definitiva, Google, in quanto terza parte, controlla le informazioni raccolte tramite Google Analytics. Prima di utilizzare il sito web di ContactsFlow\u2122 (formerly Shared Contacts for Gmail\u2122), si prega di controllare e leggere attentamente le pratiche sulla privacy. L&#8217;utente pu\u00f2 consultare le informazioni sulle pratiche di Google in materia di privacy relative a Google Analytics.<\/p>\n\n<h2 class=\"wp-block-heading\">F. Informazioni memorizzate<\/h2>\n\n<p>Gapps Experts Inc. memorizza solo le informazioni necessarie per completare i servizi di sincronizzazione. (Per saperne di pi\u00f9, consultate la nostra <a href=\"http:\/\/gdpr-compliance\">pagina GDPR<\/a> ).<\/p>\n\n<p>ContactsFlow\u2122 (formerly Shared Contacts for Gmail\u2122) sincronizza i vostri contatti confrontando gli hash, il che consente al servizio di rilevare le modifiche senza esporre i vostri dati in forma non criptata sui nostri sistemi.<\/p>\n\n<p>Se si attiva la funzione &#8220;Backup dei contatti&#8221;, i contatti vengono memorizzati finch\u00e9 l&#8217;abbonamento a pagamento \u00e8 attivo. L&#8217;utente potr\u00e0 richiedere la cancellazione di questi dati in qualsiasi momento.<\/p>\n\n<p>Anche se installate l&#8217;addon Gmail e concedete l&#8217;accesso ai vostri dati Gmail, non memorizziamo mai le vostre e-mail nei nostri sistemi. Utilizziamo questo accesso solo per poter mostrare le informazioni di contatto dei vostri mittenti di e-mail.<\/p>\n\n<p>Le informazioni vengono conservate 6 mesi dopo la scadenza dell&#8217;account. Tuttavia, \u00e8 possibile richiedere la cancellazione totale in qualsiasi momento prima di questo periodo di tolleranza.<\/p>\n\n<h2 class=\"wp-block-heading\">G. Accesso alle informazioni<\/h2>\n\n<p>Per rivedere, correggere o aggiornare le informazioni dell&#8217;account (nome dell&#8217;azienda, nomi\/indirizzi degli utenti, nomi dei gruppi, informazioni sui pagamenti, indirizzo), contattare l&#8217;amministratore G Suite \/ Google Workspace dell&#8217;azienda, che pu\u00f2 accedere direttamente all&#8217;app per rivedere e modificare tali informazioni o aggiornarle tramite la console G Suite.<\/p>\n\n<p>Conserveremo tali informazioni per tutto il tempo in cui il vostro account sar\u00e0 attivo o se necessario per fornirvi i servizi. Se desiderate chiudere il vostro account o richiedere che le vostre informazioni non vengano pi\u00f9 utilizzate per fornirvi servizi, contattate l&#8217;amministratore della vostra organizzazione.<\/p>\n\n<p>L&#8217;amministratore pu\u00f2 decidere di disinstallare l&#8217;applicazione; in tal caso, l&#8217;amministratore dell&#8217;account \u00e8 tenuto a notificare all&#8217;utente l&#8217;interruzione dell&#8217;uso dell&#8217;applicazione da parte dell&#8217;azienda. Conserveremo e utilizzeremo le informazioni dell&#8217;utente nella misura necessaria per adempiere ai nostri obblighi legali, risolvere le controversie e applicare i nostri accordi.<\/p>\n\n<h2 class=\"wp-block-heading\">H. Accesso alle informazioni dei contatti<\/h2>\n\n<p>Per accedere ai contatti, \u00e8 possibile utilizzare  <a href=\"https:\/\/app.gmailsharedcontacts.com\">Dashboard Contatti condivisi per Gmail\u00ae<\/a> o interfaccia Contatti Gmail (<a href=\"https:\/\/www.google.com\/contacts\/\" target=\"_blank\" rel=\"noreferrer noopener\">https:\/\/www.google.com\/contacts<\/a> ) oppure, se si utilizza la Corporate Edition di ContactsFlow\u2122 (formerly Shared Contacts for Gmail\u2122) e si \u00e8 abilitato il backup, l&#8217;utente o l&#8217;amministratore potranno accedere\/eliminare queste informazioni nella pagina &#8220;Backup&#8221; (  <a href=\"https:\/\/app.gmailsharedcontacts.com\/backup\">https:\/\/app.gmailsharedcontacts.com\/backup<\/a> )<\/p>\n\n<p>Le applicazioni fornite da Gapps Experts Inc sono conformi al GDPR.<\/p>\n\n<h2 class=\"wp-block-heading\">I. Aggiornamenti dell&#8217;informativa sulla privacy<\/h2>\n\n<p>Potremmo aggiornare la presente informativa sulla privacy per riflettere le modifiche apportate alla nostra attivit\u00e0 o a questa applicazione in relazione alle informazioni raccolte dall&#8217;utente e all&#8217;uso che ne facciamo. Se la modifica influisce sul modo in cui utilizziamo o gestiamo le informazioni raccolte dall&#8217;utente, invieremo un&#8217;e-mail all&#8217;utente e\/o all&#8217;amministratore dell&#8217;organizzazione o pubblicheremo un avviso nel punto in cui l&#8217;utente accede per la prima volta a questa applicazione prima che la modifica diventi effettiva. Vi invitiamo a consultare periodicamente questa pagina per ottenere le informazioni pi\u00f9 recenti sulle nostre pratiche in materia di privacy.<\/p>\n\n<h2 class=\"wp-block-heading\">J. Contatto<\/h2>\n\n<p>Potete contattarci scrivendoci o inviandoci un&#8217;e-mail o chiamandoci ai recapiti indicati nella pagina dei contatti.<\/p>\n","protected":false},"excerpt":{"rendered":"<p>Questa dichiarazione sulla privacy descrive come Gapps Experts Inc. raccoglie e utilizza le informazioni fornite dall&#8217;utente su ContactsFlow\u2122 (formerly Shared Contacts for Gmail\u2122), MAPI for Gmail\u00ae e altre applicazioni online fornite da Gapps Experts Inc. Descrive inoltre le scelte a disposizione dell&#8217;utente in merito all&#8217;utilizzo delle sue informazioni e le modalit\u00e0 di accesso e aggiornamento [&hellip;]<\/p>\n","protected":false},"author":1,"featured_media":0,"parent":0,"menu_order":0,"comment_status":"closed","ping_status":"open","template":"","meta":{"inline_featured_image":false,"footnotes":""},"class_list":["post-22355","page","type-page","status-publish","hentry"],"acf":[],"_links":{"self":[{"href":"https:\/\/getsharedcontacts.com\/it\/wp-json\/wp\/v2\/pages\/22355","targetHints":{"allow":["GET"]}}],"collection":[{"href":"https:\/\/getsharedcontacts.com\/it\/wp-json\/wp\/v2\/pages"}],"about":[{"href":"https:\/\/getsharedcontacts.com\/it\/wp-json\/wp\/v2\/types\/page"}],"author":[{"embeddable":true,"href":"https:\/\/getsharedcontacts.com\/it\/wp-json\/wp\/v2\/users\/1"}],"replies":[{"embeddable":true,"href":"https:\/\/getsharedcontacts.com\/it\/wp-json\/wp\/v2\/comments?post=22355"}],"version-history":[{"count":3,"href":"https:\/\/getsharedcontacts.com\/it\/wp-json\/wp\/v2\/pages\/22355\/revisions"}],"predecessor-version":[{"id":29400,"href":"https:\/\/getsharedcontacts.com\/it\/wp-json\/wp\/v2\/pages\/22355\/revisions\/29400"}],"wp:attachment":[{"href":"https:\/\/getsharedcontacts.com\/it\/wp-json\/wp\/v2\/media?parent=22355"}],"curies":[{"name":"wp","href":"https:\/\/api.w.org\/{rel}","templated":true}]}}