{"id":21984,"date":"2022-12-06T13:55:36","date_gmt":"2022-12-06T13:55:36","guid":{"rendered":"https:\/\/www.getsharedcontacts.com\/conformita-al-gdpr\/"},"modified":"2022-12-06T13:55:37","modified_gmt":"2022-12-06T13:55:37","slug":"conformita-al-gdpr","status":"publish","type":"page","link":"https:\/\/getsharedcontacts.com\/it\/conformita-al-gdpr\/","title":{"rendered":"Conformit\u00e0 al GDPR"},"content":{"rendered":"\n<p>Il GDPR (General Data Protection Regulation) \u00e8 un importante regolamento emanato dalla Commissione Europea. Lo scopo di questo regolamento \u00e8 quello di proteggere i dati personali dei cittadini europei, conservati da organizzazioni e aziende.<\/p>\n\n<p>Contatti condivisi per Gmail\u00ae \u00e8 conforme al GDPR. Pertanto, abbiamo la responsabilit\u00e0 di tenervi informati sui dati che abbiamo raccolto da voi e su come potete esercitare i vostri diritti di accesso, rettifica, portabilit\u00e0, restrizione e cancellazione (o &#8220;diritto all&#8217;oblio&#8221;).<\/p>\n\n<figure class=\"wp-block-image size-full\"><img loading=\"lazy\" decoding=\"async\" width=\"990\" height=\"556\" src=\"https:\/\/www.getsharedcontacts.com\/wp-content\/uploads\/2022\/08\/page-gdpr-photo.jpg\" alt=\"\" class=\"wp-image-18529\" srcset=\"https:\/\/getsharedcontacts.com\/wp-content\/uploads\/2022\/08\/page-gdpr-photo.jpg 990w, https:\/\/getsharedcontacts.com\/wp-content\/uploads\/2022\/08\/page-gdpr-photo-300x168.jpg 300w, https:\/\/getsharedcontacts.com\/wp-content\/uploads\/2022\/08\/page-gdpr-photo-150x84.jpg 150w, https:\/\/getsharedcontacts.com\/wp-content\/uploads\/2022\/08\/page-gdpr-photo-768x431.jpg 768w\" sizes=\"auto, (max-width: 990px) 100vw, 990px\" \/><\/figure>\n\n<h2 class=\"wp-block-heading\">QUALI INFORMAZIONI VENGONO MEMORIZZATE NEI <em>CONTATTI CONDIVISI PER I<\/em> SISTEMI <em>GMAIL\u00ae<\/em> E COME ELIMINARLE?<\/h2>\n\n<h3 class=\"wp-block-heading\">Le informazioni sul vostro conto<\/h3>\n\n<p>Memorizziamo i dati del vostro account (nome dell&#8217;azienda, nome\/indirizzo dell&#8217;utente, nome del gruppo, informazioni sul pagamento, indirizzo) per comunicare con voi e potervi fornire il servizio a cui vi siete iscritti. Conserveremo e utilizzeremo le informazioni dell&#8217;utente nella misura necessaria per adempiere ai nostri obblighi legali, risolvere le controversie e applicare i nostri accordi.<\/p>\n\n<p>Le informazioni sul vostro conto che memorizziamo includono:<\/p>\n\n<ul class=\"wp-block-list\"><li>Nome utente e indirizzo e-mail di Google<\/li><li>Il vostro numero di telefono<\/li><li>Gli utenti del proprio dominio (se si utilizza G Suite o Google Workspace)<\/li><li>Le vostre impostazioni di condivisione (per gestire le autorizzazioni di chi pu\u00f2 accedere a quale gruppo di contatti)<\/li><li>Le impostazioni utente di base utilizzate per le informazioni di Google Workspace \/ G Suite (come il nome del dominio, G Suite \/ Google Workspace Edition, la lingua e il paese, ecc.)<\/li><\/ul>\n\n<h3 class=\"wp-block-heading\">Informazioni sui contatti<\/h3>\n\n<p>Le informazioni di contatto memorizzate nei nostri sistemi sono le seguenti:<\/p>\n\n<ul class=\"wp-block-list\"><li>I nomi delle etichette di contatto (in modo che possano essere condivise da voi o dalla vostra organizzazione)<\/li><li>I loro nomi, numeri di telefono, indirizzi e-mail e tutte le informazioni che avete inserito nei campi di contatto standard (come l&#8217;indirizzo fisico, il nome della societ\u00e0, i titoli di lavoro&#8230;).<\/li><li>Informazioni memorizzate nei campi personalizzati che l&#8217;utente pu\u00f2 aver creato<\/li><li>Note e commenti aggiunti dai vostri collaboratori.<\/li><\/ul>\n\n<p>Per confrontare i contatti aggiornati senza esporre alcun dettaglio personale, utilizziamo <a href=\"https:\/\/en.wikipedia.org\/wiki\/Hash_function\" target=\"_blank\" rel=\"noreferrer noopener\">funzioni di hash<\/a> ad alta crittografia.<\/p>\n\n<p>Utilizziamo anche funzioni <a href=\"https:\/\/en.wikipedia.org\/wiki\/Hash_function\" target=\"_blank\" rel=\"noreferrer noopener\">di hash<\/a> per confrontare i contatti aggiornati senza memorizzare alcun dato personale.<\/p>\n\n<p>Per eliminare\/rimuovere qualsiasi contatto condiviso, chiunque abbia l&#8217;autorizzazione &#8220;Pu\u00f2 eliminare&#8221; potr\u00e0 farlo dal proprio <a href=\"https:\/\/www.google.com\/contacts\" target=\"_blank\" rel=\"noreferrer noopener\">Gestore contatti di Google<\/a>.<\/p>\n\n<p>ContactsFlow\u2122 (formerly Shared Contacts for Gmail\u2122) \u00e8 conforme alla normativa GDPR. Ci\u00f2 significa che rispettiamo il vostro diritto alla propriet\u00e0 dei contenuti da voi creati o memorizzati. Salvo specifica autorizzazione dell&#8217;utente, non utilizzeremo, riprodurremo, adatteremo, modificheremo, pubblicheremo o distribuiremo alcun contenuto creato dall&#8217;utente. Se desiderate chiudere il vostro account o richiedere che non utilizziamo pi\u00f9 le vostre informazioni per fornirvi servizi, lo faremo in conformit\u00e0 con le normative vigenti.<\/p>\n\n<h2 class=\"wp-block-heading\">COSA SUCCEDE AI MIEI DATI QUANDO ANNULLO L&#8217;ABBONAMENTO A CONTATTI CONDIVISI PER GMAIL\u00ae?<\/h2>\n\n<h3 class=\"wp-block-heading\">Informazioni sui contatti<\/h3>\n\n<p>Dopo la cancellazione dell&#8217;abbonamento, ContactsFlow\u2122 (formerly Shared Contacts for Gmail\u2122) conserver\u00e0 i dati dei contatti nel proprio database per un eventuale ripristino per una durata di 6 mesi. Dopo questo periodo, il nostro sistema canceller\u00e0 definitivamente i vostri dati.<\/p>\n\n<p>Tuttavia, se siete sicuri di non aver pi\u00f9 bisogno dei vostri dati, potete richiederne la cancellazione prima di questo periodo di tolleranza di 6 mesi.  <\/p>\n\n<p><strong>Attenzione: La disinstallazione dell&#8217;applicazione da Google non funziona come una cancellazione. Per annullare l&#8217;abbonamento, \u00e8 necessario utilizzare la dashboard di GappsExperts accessibile da <a href=\"https:\/\/app.gmailsharedcontacts.com\">https:\/\/app.gmailsharedcontacts.com.<\/a><\/strong><\/p>\n\n<h3 class=\"wp-block-heading\">Le informazioni sul vostro conto<\/h3>\n\n<p>Conserveremo e utilizzeremo le informazioni relative al vostro account (nome della societ\u00e0, telefono, e-mail di contatto, ecc.) se necessario per adempiere ai nostri obblighi legali, risolvere controversie e applicare i nostri accordi. \u00c8 possibile scrivere un&#8217;e-mail di richiesta di cancellazione definitiva dei propri dati personali. Non conserviamo mai le informazioni al di l\u00e0 dell&#8217;obbligo legale di conservarle. Allo stesso modo, conserviamo solo le informazioni necessarie per fornire il nostro servizio.  <\/p>\n\n<p><\/p>\n\n<h3 class=\"wp-block-heading\">Quali informazioni vengono memorizzate dall&#8217;utente nei Contatti condivisi per Gmail\u00ae?<\/h3>\n\n<p>Al fine di fornire un servizio ottimale, ContactsFlow\u2122 (formerly Shared Contacts for Gmail\u2122) memorizza i seguenti dati:<\/p>\n\n<ul class=\"wp-block-list\"><li>I nomi dei vostri gruppi di contatto (in modo che possano essere condivisi da voi o dalla vostra organizzazione)<\/li><li>I nomi dei vostri gruppi di utenti (per facilitare la condivisione con una mailing list)<\/li><li>Impostazioni di condivisione (per gestire le autorizzazioni di chi pu\u00f2 accedere a quale gruppo di contatti)<\/li><li>Gli utenti del proprio dominio (se si utilizza G Suite)<\/li><li>Lingua e paese<\/li><\/ul>\n\n<p>Utilizziamo <a href=\"https:\/\/en.wikipedia.org\/wiki\/Hash_function\" target=\"_blank\" rel=\"noreferrer noopener\">funzioni di hash<\/a> ad alta crittografia per confrontare i contatti aggiornati senza esporre alcun dettaglio personale.<\/p>\n\n<h3 class=\"wp-block-heading\">A chi ci si pu\u00f2 rivolgere per l&#8217;ispezione dei dati?<\/h3>\n\n<p>Per qualsiasi richiesta di accesso ai vostri dati personali, richiesta di cancellazione o qualsiasi informazione sui nostri processi interni di gestione dei dati personali, potete contattare il nostro Responsabile della Protezione dei Dati (DPO) all&#8217;indirizzo <a href=\"mailto:dpo@getsharedcontacts.com\">dpo@getsharedcontacts.com.<\/a><\/p>\n","protected":false},"excerpt":{"rendered":"<p>Il GDPR (General Data Protection Regulation) \u00e8 un importante regolamento emanato dalla Commissione Europea. Lo scopo di questo regolamento \u00e8 quello di proteggere i dati personali dei cittadini europei, conservati da organizzazioni e aziende. Contatti condivisi per Gmail\u00ae \u00e8 conforme al GDPR. Pertanto, abbiamo la responsabilit\u00e0 di tenervi informati sui dati che abbiamo raccolto da [&hellip;]<\/p>\n","protected":false},"author":1,"featured_media":0,"parent":0,"menu_order":0,"comment_status":"closed","ping_status":"closed","template":"","meta":{"inline_featured_image":false,"footnotes":""},"class_list":["post-21984","page","type-page","status-publish","hentry"],"acf":[],"_links":{"self":[{"href":"https:\/\/getsharedcontacts.com\/it\/wp-json\/wp\/v2\/pages\/21984","targetHints":{"allow":["GET"]}}],"collection":[{"href":"https:\/\/getsharedcontacts.com\/it\/wp-json\/wp\/v2\/pages"}],"about":[{"href":"https:\/\/getsharedcontacts.com\/it\/wp-json\/wp\/v2\/types\/page"}],"author":[{"embeddable":true,"href":"https:\/\/getsharedcontacts.com\/it\/wp-json\/wp\/v2\/users\/1"}],"replies":[{"embeddable":true,"href":"https:\/\/getsharedcontacts.com\/it\/wp-json\/wp\/v2\/comments?post=21984"}],"version-history":[{"count":1,"href":"https:\/\/getsharedcontacts.com\/it\/wp-json\/wp\/v2\/pages\/21984\/revisions"}],"predecessor-version":[{"id":21985,"href":"https:\/\/getsharedcontacts.com\/it\/wp-json\/wp\/v2\/pages\/21984\/revisions\/21985"}],"wp:attachment":[{"href":"https:\/\/getsharedcontacts.com\/it\/wp-json\/wp\/v2\/media?parent=21984"}],"curies":[{"name":"wp","href":"https:\/\/api.w.org\/{rel}","templated":true}]}}