{"id":19774,"date":"2022-09-22T13:35:47","date_gmt":"2022-09-22T13:35:47","guid":{"rendered":"https:\/\/www.getsharedcontacts.com\/webinar-donnez-du-pouvoir-a-votre-organisation-grace-a-la-gestion-des-contacts\/"},"modified":"2023-06-30T14:15:21","modified_gmt":"2023-06-30T14:15:21","slug":"webinar-donnez-du-pouvoir-a-votre-organisation-grace-a-la-gestion-des-contacts","status":"publish","type":"page","link":"https:\/\/getsharedcontacts.com\/fr\/webinar-donnez-du-pouvoir-a-votre-organisation-grace-a-la-gestion-des-contacts\/","title":{"rendered":"Webinar : Donnez du pouvoir \u00e0 votre organisation gr\u00e2ce \u00e0 la gestion des contacts"},"content":{"rendered":"\n<h2 class=\"wp-block-heading\">Dans ce webinaire, nous aborderons des sujets tels que :<\/h2>\n\n\n\n<p><\/p>\n\n\n\n<ul class=\"wp-block-list\">\n<li>Les meilleures pratiques en mati\u00e8re de gestion des contacts<\/li>\n\n\n\n<li>Comment ContactsFlow\u2122 (formerly Shared Contacts for Gmail\u2122) peut aider votre entreprise \u00e0 disposer d&#8217;une base de donn\u00e9es de contacts propre et s\u00e9curis\u00e9e.<\/li>\n\n\n\n<li>Comment faire en sorte que vous et vos utilisateurs puissiez acc\u00e9der \u00e0 leurs contacts dans toutes les situations et dans tous les logiciels ?<\/li>\n<\/ul>\n\n\n\n<h2 class=\"wp-block-heading\"><meta charset=\"utf-8\">Rencontrez l&#8217;orateur :  <\/h2>\n\n\n\n<p><strong>Stef Cohen, fondateur et directeur g\u00e9n\u00e9ral de ContactsFlow\u2122 (formerly Shared Contacts for Gmail\u2122).<\/strong><\/p>\n\n\n\n<figure class=\"wp-block-image size-full is-style-rounded\"><img loading=\"lazy\" decoding=\"async\" width=\"221\" height=\"221\" src=\"https:\/\/www.getsharedcontacts.com\/wp-content\/uploads\/2022\/01\/stef-speaker-shared-contacts.jpeg\" alt=\"Stef Cohen, PDG de Contacts partag\u00e9s pour Gmail\" class=\"wp-image-15539\" srcset=\"https:\/\/getsharedcontacts.com\/wp-content\/uploads\/2022\/01\/stef-speaker-shared-contacts.jpeg 221w, https:\/\/getsharedcontacts.com\/wp-content\/uploads\/2022\/01\/stef-speaker-shared-contacts-150x150.jpeg 150w\" sizes=\"auto, (max-width: 221px) 100vw, 221px\" \/><\/figure>\n\n\n\n<p><\/p>\n\n\n\n<h2 class=\"wp-block-heading\">\u00c0 qui s&#8217;adresse ce webinaire ?<\/h2>\n\n\n\n<p>Stef est un entrepreneur en s\u00e9rie. Apr\u00e8s avoir travaill\u00e9 avec Econsulting et Gapps Experts et aid\u00e9 des organisations \u00e0 mettre en place leurs espaces de travail Google, Stef a fond\u00e9 ContactsFlow\u2122 (formerly Shared Contacts for Gmail\u2122) parce qu&#8217;il y avait un besoin \u00e9vident sur le march\u00e9 pour un partage simple des contacts.<\/p>\n\n\n\n<p>Ce webinaire s&#8217;adresse \u00e0 tous ceux qui cherchent \u00e0 trouver des moyens de travailler plus efficacement dans leur espace de travail Google. Que vous soyez un administrateur Google, un utilisateur exp\u00e9riment\u00e9 ou un simple utilisateur de tous les jours, vous obtiendrez, je l&#8217;esp\u00e8re, des id\u00e9es pr\u00e9cieuses que vous pourrez rapporter dans votre organisation.<\/p>\n","protected":false},"excerpt":{"rendered":"<p>Dans ce webinaire, nous aborderons des sujets tels que : Rencontrez l&#8217;orateur : Stef Cohen, fondateur et directeur g\u00e9n\u00e9ral de ContactsFlow\u2122 (formerly Shared Contacts for Gmail\u2122). \u00c0 qui s&#8217;adresse ce webinaire ? Stef est un entrepreneur en s\u00e9rie. Apr\u00e8s avoir travaill\u00e9 avec Econsulting et Gapps Experts et aid\u00e9 des organisations \u00e0 mettre en place leurs [&hellip;]<\/p>\n","protected":false},"author":4,"featured_media":0,"parent":0,"menu_order":0,"comment_status":"closed","ping_status":"closed","template":"page-templates\/landing_alt.php","meta":{"inline_featured_image":false,"footnotes":""},"class_list":["post-19774","page","type-page","status-publish","hentry"],"acf":[],"_links":{"self":[{"href":"https:\/\/getsharedcontacts.com\/fr\/wp-json\/wp\/v2\/pages\/19774","targetHints":{"allow":["GET"]}}],"collection":[{"href":"https:\/\/getsharedcontacts.com\/fr\/wp-json\/wp\/v2\/pages"}],"about":[{"href":"https:\/\/getsharedcontacts.com\/fr\/wp-json\/wp\/v2\/types\/page"}],"author":[{"embeddable":true,"href":"https:\/\/getsharedcontacts.com\/fr\/wp-json\/wp\/v2\/users\/4"}],"replies":[{"embeddable":true,"href":"https:\/\/getsharedcontacts.com\/fr\/wp-json\/wp\/v2\/comments?post=19774"}],"version-history":[{"count":3,"href":"https:\/\/getsharedcontacts.com\/fr\/wp-json\/wp\/v2\/pages\/19774\/revisions"}],"predecessor-version":[{"id":26483,"href":"https:\/\/getsharedcontacts.com\/fr\/wp-json\/wp\/v2\/pages\/19774\/revisions\/26483"}],"wp:attachment":[{"href":"https:\/\/getsharedcontacts.com\/fr\/wp-json\/wp\/v2\/media?parent=19774"}],"curies":[{"name":"wp","href":"https:\/\/api.w.org\/{rel}","templated":true}]}}