{"id":19759,"date":"2022-09-22T13:16:53","date_gmt":"2022-09-22T13:16:53","guid":{"rendered":"https:\/\/www.getsharedcontacts.com\/politique-de-confidentialite\/"},"modified":"2023-12-11T14:34:10","modified_gmt":"2023-12-11T14:34:10","slug":"politique-de-confidentialite","status":"publish","type":"page","link":"https:\/\/getsharedcontacts.com\/fr\/politique-de-confidentialite\/","title":{"rendered":"Politique de confidentialit\u00e9"},"content":{"rendered":"\n<p>Cette d\u00e9claration de confidentialit\u00e9 d\u00e9crit comment Gapps Experts Inc. recueille et utilise les informations que vous fournissez sur Contacts partag\u00e9s pour Gmail\u00ae, MAPI pour Gmail\u00ae et d&#8217;autres applications en ligne fournies par Gapps Experts Inc. Il d\u00e9crit \u00e9galement les choix qui s&#8217;offrent \u00e0 vous concernant l&#8217;utilisation de vos informations et la mani\u00e8re dont vous pouvez acc\u00e9der \u00e0 ces informations et les mettre \u00e0 jour.<\/p>\n\n<h2 class=\"wp-block-heading\">A. Collecte et utilisation<\/h2>\n\n<p>Nous recueillons les informations personnelles suivantes aupr\u00e8s de vous :<\/p>\n\n<p>Contacts partag\u00e9s pour Gmail\u00ae :<\/p>\n\n<ol class=\"wp-block-list\">\n<li>Vos contacts Google : (lecture\/\u00e9criture) : Permet de synchroniser les contacts que vous souhaitez partager avec d&#8217;autres utilisateurs.<\/li>\n\n\n\n<li>Vos informations d&#8217;utilisateur Google (en lecture seule) : Utilis\u00e9es pour vous authentifier lorsque vous vous connectez \u00e0 l&#8217;application et pour afficher votre profil d&#8217;utilisateur.<\/li>\n\n\n\n<li>Votre annuaire Google (lecture\/\u00e9criture) : Utilis\u00e9 pour conna\u00eetre les utilisateurs et les listes de diffusion de votre domaine afin de vous permettre de partager des contacts avec eux. L&#8217;autorisation d&#8217;\u00e9criture est utilis\u00e9e pour permettre \u00e0 l&#8217;utilisateur de mettre \u00e0 jour son profil d&#8217;annuaire \u00e0 l&#8217;aide de l&#8217;application.<\/li>\n\n\n\n<li>Vos licences Google (lecture seule) : Utilis\u00e9 pour fournir des rabais automatis\u00e9s, des forfaits et des promotions sont bas\u00e9s sur les licences Google.<\/li>\n<\/ol>\n\n<p>MAPI pour Gmail\u00ae :<\/p>\n\n<ol class=\"wp-block-list\">\n<li>Vos informations d&#8217;utilisateur Google (en lecture seule) : Utilis\u00e9es pour vous authentifier lorsque vous vous connectez \u00e0 l&#8217;application.<\/li>\n\n\n\n<li>Vos e-mails Google : Permet de cr\u00e9er un brouillon d&#8217;e-mail et de joindre le fichier que vous souhaitez envoyer.<\/li>\n<\/ol>\n\n<p>Il est important de vous rappeler que Gapps Experts Inc. ne r\u00e9cup\u00e8re aucun message \u00e9lectronique ou document de vos comptes Google. Les contacts sont r\u00e9cup\u00e9r\u00e9s uniquement \u00e0 des fins de synchronisation et sont imm\u00e9diatement hach\u00e9s. Pour plus d&#8217;informations, lisez la section F pour &#8220;Informations stock\u00e9es&#8221;.<\/p>\n\n<p>Contacts partag\u00e9s pour Gmail\u00ae respecte votre vie priv\u00e9e et traite vos donn\u00e9es avec le plus grand soin. Les donn\u00e9es que nous recevons des API de Google sont utilis\u00e9es uniquement pour vous fournir et am\u00e9liorer nos services. Nous adh\u00e9rons \u00e0 la <strong>politique de donn\u00e9es des utilisateurs des services API de Google<\/strong>, y compris les exigences d&#8217;utilisation limit\u00e9e, ce qui signifie que vos donn\u00e9es <strong>ne<\/strong> sont <strong>jamais utilis\u00e9es \u00e0 des fins publicitaires ou transf\u00e9r\u00e9es \u00e0 d&#8217;autres applications<\/strong> sans votre consentement explicite. Pour en savoir plus sur ces politiques <a href=\"https:\/\/developers.google.com\/terms\/api-services-user-data-policy#additional_requirements_for_specific_api_scopes\" target=\"_blank\" rel=\"noreferrer noopener\">, cliquez ici<\/a>.  <\/p>\n\n<h2 class=\"wp-block-heading\">B. Nous utilisons ces informations pour<\/h2>\n\n<ol class=\"wp-block-list\">\n<li>Faciliter et administrer les services commerciaux que vous avez demand\u00e9s par le biais de nos applications.<\/li>\n\n\n\n<li>Si vous nous fournissez des informations personnelles sur d&#8217;autres personnes, ou si d&#8217;autres personnes nous fournissent vos informations, nous n&#8217;utiliserons ces informations que pour la raison sp\u00e9cifique pour laquelle elles nous ont \u00e9t\u00e9 fournies.<\/li>\n<\/ol>\n\n<h2 class=\"wp-block-heading\">C. Divulgation \u00e0 des tiers<\/h2>\n\n<p>Nous ne partagerons vos informations personnelles avec des tiers que de la mani\u00e8re d\u00e9crite dans la pr\u00e9sente d\u00e9claration de confidentialit\u00e9. Nous ne vendons pas vos informations personnelles \u00e0 des tiers. Nous pouvons fournir vos informations personnelles \u00e0 des soci\u00e9t\u00e9s qui fournissent des services pour nous aider dans nos activit\u00e9s commerciales, par exemple en offrant des services d&#8217;assistance \u00e0 la client\u00e8le. Ces soci\u00e9t\u00e9s sont autoris\u00e9es \u00e0 utiliser vos informations personnelles uniquement dans la mesure n\u00e9cessaire pour nous fournir ces services. Nous pouvons \u00e9galement divulguer vos informations personnelles :<\/p>\n\n<ol class=\"wp-block-list\">\n<li>Si la loi l&#8217;exige, par exemple pour se conformer \u00e0 une citation \u00e0 compara\u00eetre ou \u00e0 une proc\u00e9dure judiciaire similaire.<\/li>\n\n\n\n<li>Lorsque nous pensons de bonne foi que la divulgation est n\u00e9cessaire pour prot\u00e9ger nos droits, votre s\u00e9curit\u00e9 ou celle d&#8217;autrui, enqu\u00eater sur une fraude ou r\u00e9pondre \u00e0 une demande du gouvernement.<\/li>\n\n\n\n<li>Si nous sommes impliqu\u00e9s dans une fusion, une acquisition ou la vente de tout ou partie de ses actifs, vous serez inform\u00e9 par courrier \u00e9lectronique et\/ou par un avis bien visible sur notre application de tout changement de propri\u00e9t\u00e9 ou d&#8217;utilisation de vos informations personnelles, ainsi que de tout choix que vous pouvez avoir concernant vos informations personnelles.<\/li>\n\n\n\n<li>\u00e0 tout autre tiers avec votre consentement pr\u00e9alable \u00e0 cet effet<\/li>\n<\/ol>\n\n<h2 class=\"wp-block-heading\">D. S\u00e9curit\u00e9<\/h2>\n\n<p>La s\u00e9curit\u00e9 de vos informations personnelles est importante pour nous. Nous prenons des mesures commercialement raisonnables et suivons les normes g\u00e9n\u00e9ralement accept\u00e9es pour prot\u00e9ger les informations que vous nous fournissez, tant pendant leur transmission qu&#8217;apr\u00e8s leur r\u00e9ception. Par exemple, si vous fournissez des informations sensibles telles qu&#8217;un num\u00e9ro de carte de cr\u00e9dit lors de l&#8217;achat d&#8217;une application ou par l&#8217;interm\u00e9diaire de l&#8217;application elle-m\u00eame, les informations que vous fournissez sont transmises par cryptage \u00e0 l&#8217;aide de technologies telles que la technologie SSL (Secure Socket Layer). Aucune m\u00e9thode de transmission sur Internet, ni aucune m\u00e9thode de stockage \u00e9lectronique, n&#8217;est s\u00fbre \u00e0 100 %. Par cons\u00e9quent, nous ne pouvons pas garantir la s\u00e9curit\u00e9 absolue de vos informations.<\/p>\n\n<h2 class=\"wp-block-heading\">E. Technologies de suivi<\/h2>\n\n<p>Gapps Experts Inc. utilise Google Analytics pour analyser l&#8217;utilisation que font les utilisateurs du site Web des Contacts partag\u00e9s pour Gmail\u00ae. Le code de suivi Google Analytics est impl\u00e9ment\u00e9 dans www.getsharedcontacts.com et <a href=\"https:\/\/www.mapi4gmail.com\" target=\"_blank\" rel=\"noreferrer noopener\">www.mapi4gmail.com<\/a> et nous fournit des donn\u00e9es agr\u00e9g\u00e9es afin de nous aider \u00e0 prendre des d\u00e9cisions commerciales \u00e9clair\u00e9es. Pour nous aider \u00e0 suivre les ventes et autres conversions, nous utilisons \u00e9galement des cookies de suivi des conversions Adwords. En outre, nous utilisons le remarketing et les audiences cibl\u00e9es pour faire de la publicit\u00e9 sur Internet. Avec le cookie Google Analytics, le cookie DoubleClick est collect\u00e9 par Google sur la base de l&#8217;historique de navigation de l&#8217;utilisateur. Cela nous permet de mieux comprendre les caract\u00e9ristiques d\u00e9mographiques, les comportements et les int\u00e9r\u00eats de nos visiteurs. Nous associons en outre les rapports aux informations personnelles identifiables que les utilisateurs ont pu partager avec nous. Si vous souhaitez d\u00e9sactiver l&#8217;utilisation des cookies par Google, veuillez modifier vos param\u00e8tres en vous rendant sur la page des param\u00e8tres des annonces de Google. Nous ou un tiers sous contrat avec nous pouvons utiliser des technologies telles que des cookies, des balises Web ou des scripts pour recueillir des informations sur la fa\u00e7on dont vous et d&#8217;autres personnes interagissent avec notre application. Par exemple, nous saurons combien d&#8217;utilisateurs acc\u00e8dent \u00e0 une zone ou \u00e0 une fonction sp\u00e9cifique de l&#8217;application et sur quels liens ou publicit\u00e9s ils ont cliqu\u00e9. Nous utilisons ces informations agr\u00e9g\u00e9es pour comprendre et optimiser l&#8217;utilisation de notre application, am\u00e9liorer nos efforts de marketing et fournir un contenu et des fonctionnalit\u00e9s qui vous int\u00e9ressent. En fin de compte, c&#8217;est Google, en tant que tierce partie, qui contr\u00f4le les informations recueillies par Google Analytics. Veuillez v\u00e9rifier et lire attentivement ses pratiques en mati\u00e8re de confidentialit\u00e9 avant d&#8217;utiliser le site web de Contacts partag\u00e9s pour Gmail\u00ae. Vous pouvez consulter les informations relatives aux pratiques de Google en mati\u00e8re de confidentialit\u00e9 en ce qui concerne Google Analytics.<\/p>\n\n<h2 class=\"wp-block-heading\">F. Informations stock\u00e9es<\/h2>\n\n<p>Gapps Experts Inc. ne conserve que les renseignements n\u00e9cessaires \u00e0 la r\u00e9alisation des services de synchronisation. (Consultez notre <a href=\"http:\/\/gdpr-compliance\">page GDPR<\/a> pour en savoir plus)<\/p>\n\n<p>ContactsFlow\u2122 (formerly Shared Contacts for Gmail\u2122) synchronise vos contacts en comparant des hachages, ce qui permet au service de d\u00e9tecter les changements sans exposer aucune de vos donn\u00e9es sous forme non crypt\u00e9e sur nos syst\u00e8mes.<\/p>\n\n<p>Si vous activez la fonction &#8220;Sauvegarde des contacts&#8221;, nous conserverons vos contacts aussi longtemps que votre abonnement payant sera actif. Vous pourrez demander la suppression de ces donn\u00e9es \u00e0 tout moment.<\/p>\n\n<p>M\u00eame si vous installez l&#8217;addon Gmail et autorisez l&#8217;acc\u00e8s \u00e0 vos donn\u00e9es Gmail, nous ne stockons jamais aucun de vos e-mails dans nos syst\u00e8mes. Nous utilisons cet acc\u00e8s uniquement pour pouvoir afficher les coordonn\u00e9es des exp\u00e9diteurs de vos courriels.<\/p>\n\n<p>Vos informations sont conserv\u00e9es 6 mois apr\u00e8s l&#8217;expiration de votre compte. Toutefois, vous pouvez demander la suppression totale \u00e0 tout moment avant cette p\u00e9riode de gr\u00e2ce.<\/p>\n\n<h2 class=\"wp-block-heading\">G. Acc\u00e8s \u00e0 vos informations<\/h2>\n\n<p>Pour revoir, corriger ou mettre \u00e0 jour les informations de votre compte (nom de la soci\u00e9t\u00e9, noms d&#8217;utilisateurs \/ adresse, nom des groupes, informations de paiement, adresse), veuillez contacter l&#8217;administrateur G Suite \/ Google Workspace de votre soci\u00e9t\u00e9, qui peut acc\u00e9der directement \u00e0 l&#8217;application pour revoir et modifier ces informations ou qui mettra \u00e0 jour ces informations via votre console G Suite.<\/p>\n\n<p>Nous conserverons ces informations aussi longtemps que votre compte sera actif ou si n\u00e9cessaire pour vous fournir des services. Si vous souhaitez fermer votre compte ou demander que nous n&#8217;utilisions plus vos informations pour vous fournir des services, contactez l&#8217;administrateur de votre organisation.<\/p>\n\n<p>Votre administrateur peut choisir de d\u00e9sinstaller cette application, auquel cas l&#8217;administrateur du compte est charg\u00e9 de vous informer de l&#8217;arr\u00eat de l&#8217;utilisation de cette application par votre entreprise. Nous conserverons et utiliserons vos informations comme il se doit pour nous conformer \u00e0 nos obligations l\u00e9gales, r\u00e9soudre les litiges et faire respecter nos accords.<\/p>\n\n<h2 class=\"wp-block-heading\">H. Acc\u00e9der aux informations de vos contacts<\/h2>\n\n<p>Pour acc\u00e9der \u00e0 vos contacts, vous pouvez utiliser  <a href=\"https:\/\/app.gmailsharedcontacts.com\">Tableau de bord Contacts partag\u00e9s pour Gmail\u00ae<\/a> ou interface Contacts Gmail (<a href=\"https:\/\/www.google.com\/contacts\/\" target=\"_blank\" rel=\"noreferrer noopener\">https:\/\/www.google.com\/contacts<\/a> ) ou, si vous utilisez la Corporate Edition de ContactsFlow\u2122 (formerly Shared Contacts for Gmail\u2122) et que vous avez activ\u00e9 la sauvegarde, vous ou votre administrateur pourrez acc\u00e9der\/supprimer ces informations sur la page &#8220;Sauvegarde&#8221; (  <a href=\"https:\/\/app.gmailsharedcontacts.com\/backup\">https:\/\/app.gmailsharedcontacts.com\/backup<\/a> )<\/p>\n\n<p>Les applications fournies par Gapps Experts Inc. sont conformes au GDPR.<\/p>\n\n<h2 class=\"wp-block-heading\">I. Mise \u00e0 jour de la d\u00e9claration de confidentialit\u00e9<\/h2>\n\n<p>Nous pouvons mettre \u00e0 jour cette d\u00e9claration de confidentialit\u00e9 pour refl\u00e9ter les modifications apport\u00e9es \u00e0 notre activit\u00e9 ou \u00e0 cette application en ce qui concerne les informations recueillies aupr\u00e8s de vous et l&#8217;utilisation que nous en faisons. Si la modification a une incidence sur la mani\u00e8re dont nous utilisons ou traitons les informations recueillies aupr\u00e8s de vous, nous vous enverrons un courriel \u00e0 vous et\/ou \u00e0 l&#8217;administrateur de votre organisation, ou nous afficherons un avis \u00e0 l&#8217;endroit o\u00f9 vous acc\u00e9dez pour la premi\u00e8re fois \u00e0 cette application avant que la modification ne prenne effet. Nous vous encourageons \u00e0 consulter r\u00e9guli\u00e8rement cette page pour obtenir les derni\u00e8res informations sur nos pratiques en mati\u00e8re de confidentialit\u00e9.<\/p>\n\n<h2 class=\"wp-block-heading\">J. Contactez<\/h2>\n\n<p>Vous pouvez nous contacter en nous \u00e9crivant, en nous envoyant un courriel ou en nous appelant aux coordonn\u00e9es indiqu\u00e9es sur notre page de contact.<\/p>\n","protected":false},"excerpt":{"rendered":"<p>Cette d\u00e9claration de confidentialit\u00e9 d\u00e9crit comment Gapps Experts Inc. recueille et utilise les informations que vous fournissez sur Contacts partag\u00e9s pour Gmail\u00ae, MAPI pour Gmail\u00ae et d&#8217;autres applications en ligne fournies par Gapps Experts Inc. Il d\u00e9crit \u00e9galement les choix qui s&#8217;offrent \u00e0 vous concernant l&#8217;utilisation de vos informations et la mani\u00e8re dont vous pouvez [&hellip;]<\/p>\n","protected":false},"author":1,"featured_media":0,"parent":0,"menu_order":0,"comment_status":"closed","ping_status":"open","template":"","meta":{"inline_featured_image":false,"footnotes":""},"class_list":["post-19759","page","type-page","status-publish","hentry"],"acf":[],"_links":{"self":[{"href":"https:\/\/getsharedcontacts.com\/fr\/wp-json\/wp\/v2\/pages\/19759","targetHints":{"allow":["GET"]}}],"collection":[{"href":"https:\/\/getsharedcontacts.com\/fr\/wp-json\/wp\/v2\/pages"}],"about":[{"href":"https:\/\/getsharedcontacts.com\/fr\/wp-json\/wp\/v2\/types\/page"}],"author":[{"embeddable":true,"href":"https:\/\/getsharedcontacts.com\/fr\/wp-json\/wp\/v2\/users\/1"}],"replies":[{"embeddable":true,"href":"https:\/\/getsharedcontacts.com\/fr\/wp-json\/wp\/v2\/comments?post=19759"}],"version-history":[{"count":3,"href":"https:\/\/getsharedcontacts.com\/fr\/wp-json\/wp\/v2\/pages\/19759\/revisions"}],"predecessor-version":[{"id":29396,"href":"https:\/\/getsharedcontacts.com\/fr\/wp-json\/wp\/v2\/pages\/19759\/revisions\/29396"}],"wp:attachment":[{"href":"https:\/\/getsharedcontacts.com\/fr\/wp-json\/wp\/v2\/media?parent=19759"}],"curies":[{"name":"wp","href":"https:\/\/api.w.org\/{rel}","templated":true}]}}