{"id":19750,"date":"2022-09-22T12:55:23","date_gmt":"2022-09-22T12:55:23","guid":{"rendered":"https:\/\/www.getsharedcontacts.com\/nos-partenaires\/"},"modified":"2023-01-24T14:41:15","modified_gmt":"2023-01-24T14:41:15","slug":"nos-partenaires","status":"publish","type":"page","link":"https:\/\/getsharedcontacts.com\/fr\/nos-partenaires\/","title":{"rendered":"Nos partenaires"},"content":{"rendered":"\n<p class=\"has-text-align-center\">Ces entreprises ont choisi Contacts partag\u00e9s pour Gmail\u00ae comme solution de gestion des contacts pour leurs clients.<\/p>\n\n\n\n<figure class=\"wp-block-table aligncenter\"><table class=\"has-fixed-layout\"><tbody><tr><td class=\"has-text-align-center\" data-align=\"center\"><img decoding=\"async\" class=\"wp-image-17191\" style=\"width: 150px;\" src=\"https:\/\/www.getsharedcontacts.com\/wp-content\/uploads\/2022\/05\/Counterpoint-logo-rectangle-1.png\" alt=\"\"><\/td><td class=\"has-text-align-center\" data-align=\"center\"><img loading=\"lazy\" decoding=\"async\" width=\"145\" height=\"68\" class=\"wp-image-17203\" style=\"width: 145px;\" src=\"https:\/\/www.getsharedcontacts.com\/wp-content\/uploads\/2022\/05\/umzuzu.jpg\" alt=\"\"><\/td><td class=\"has-text-align-center\" data-align=\"center\"><img loading=\"lazy\" decoding=\"async\" width=\"150\" height=\"35\" class=\"wp-image-17234\" style=\"width: 150px;\" src=\"https:\/\/www.getsharedcontacts.com\/wp-content\/uploads\/2022\/05\/steegle.png\" alt=\"\" srcset=\"https:\/\/getsharedcontacts.com\/wp-content\/uploads\/2022\/05\/steegle.png 188w, https:\/\/getsharedcontacts.com\/wp-content\/uploads\/2022\/05\/steegle-150x35.png 150w\" sizes=\"auto, (max-width: 150px) 100vw, 150px\" \/><\/td><\/tr><tr><td class=\"has-text-align-center\" data-align=\"center\"><a href=\"https:\/\/www.counterpoint.com.fj\/\" target=\"_blank\" rel=\"noreferrer noopener\">CounterPoint<\/a><\/td><td class=\"has-text-align-center\" data-align=\"center\"><a href=\"http:\/\/umzuzu.com\/\" target=\"_blank\" rel=\"noreferrer noopener\">Umzuzu<\/a><\/td><td class=\"has-text-align-center\" data-align=\"center\"><a href=\"https:\/\/www.steegle.com\/\" target=\"_blank\" rel=\"noreferrer noopener\">Steegle<\/a><\/td><\/tr><tr><td class=\"has-text-align-center\" data-align=\"center\">Nous vivons et respirons les services Google, le num\u00e9rique et les technologies de l&#8217;information.<br><br>Notre \u00e9quipe num\u00e9rique se concentre sur la conception et le d\u00e9veloppement de sites web, l&#8217;h\u00e9bergement web, le r\u00e9f\u00e9rencement, Google AdWords (SEM ou Pay-per-Click), l&#8217;automatisation du marketing par courriel et les projets de transformation num\u00e9rique.<\/td><td class=\"has-text-align-center\" data-align=\"center\">La mission d&#8217;Umzuzu est simple : nous sommes l\u00e0 pour vous aider \u00e0 tirer parti de ce que le Cloud a de mieux \u00e0 offrir.<br><br>Les employ\u00e9s d&#8217;Umzuzu ont de l&#8217;exp\u00e9rience en tant que directeurs informatiques, cadres d&#8217;exploitation, consultants en gestion, int\u00e9grateurs de syst\u00e8mes et enseignants. Nous sommes \u00e9galement une entreprise sans serveur.<\/td><td class=\"has-text-align-center\" data-align=\"center\">Steegle est un partenaire Google Cloud de longue date qui analyse les besoins des entreprises clientes et les aide \u00e0 lib\u00e9rer de la valeur et de la productivit\u00e9 en faisant migrer les clients des anciens syst\u00e8mes traditionnels vers le puissant cloud de Google.<\/td><\/tr><tr><td class=\"has-text-align-center\" data-align=\"center\"><br><br><br><br><img loading=\"lazy\" decoding=\"async\" width=\"150\" height=\"44\" class=\"wp-image-17253\" style=\"width: 150px;\" src=\"https:\/\/www.getsharedcontacts.com\/wp-content\/uploads\/2022\/05\/devoteam.png\" alt=\"\" srcset=\"https:\/\/getsharedcontacts.com\/wp-content\/uploads\/2022\/05\/devoteam.png 413w, https:\/\/getsharedcontacts.com\/wp-content\/uploads\/2022\/05\/devoteam-300x89.png 300w, https:\/\/getsharedcontacts.com\/wp-content\/uploads\/2022\/05\/devoteam-150x44.png 150w\" sizes=\"auto, (max-width: 150px) 100vw, 150px\" \/><\/td><td class=\"has-text-align-center\" data-align=\"center\"><br><br><br><br><img loading=\"lazy\" decoding=\"async\" width=\"150\" height=\"37\" class=\"wp-image-17262\" style=\"width: 150px;\" src=\"https:\/\/www.getsharedcontacts.com\/wp-content\/uploads\/2022\/05\/easyG_Apps.png\" alt=\"\" srcset=\"https:\/\/getsharedcontacts.com\/wp-content\/uploads\/2022\/05\/easyG_Apps.png 295w, https:\/\/getsharedcontacts.com\/wp-content\/uploads\/2022\/05\/easyG_Apps-150x37.png 150w\" sizes=\"auto, (max-width: 150px) 100vw, 150px\" \/><br><\/td><td class=\"has-text-align-center\" data-align=\"center\"><\/td><\/tr><tr><td class=\"has-text-align-center\" data-align=\"center\"><a href=\"https:\/\/gcloud.devoteam.com\/\" target=\"_blank\" rel=\"noreferrer noopener\">Devoteam GCloud<\/a><\/td><td class=\"has-text-align-center\" data-align=\"center\"><a href=\"https:\/\/easygapps.com\/\" target=\"_blank\" rel=\"noreferrer noopener\">EasyG Apps<\/a><\/td><td class=\"has-text-align-center\" data-align=\"center\"><\/td><\/tr><tr><td class=\"has-text-align-center\" data-align=\"center\">Avec plus de 2 300 clients satisfaits dans plus de 20 pays, Devoteam G Cloud est un leader mondial des technologies Google Cloud et un partenaire privil\u00e9gi\u00e9 de Google Cloud depuis une d\u00e9cennie.<\/td><td class=\"has-text-align-center\" data-align=\"center\">USA Corp est un partenaire Google Cloud depuis 2011. Notre \u00e9quipe comprend un sp\u00e9cialiste des ventes certifi\u00e9 Google et un sp\u00e9cialiste du d\u00e9ploiement certifi\u00e9 Google. Nous fournissons des services experts en technologies de l&#8217;information et des services de conseil en gestion.  <\/td><td class=\"has-text-align-center\" data-align=\"center\"><\/td><\/tr><\/tbody><\/table><\/figure>\n\n\n\n<p><\/p>\n\n\n\n<pre class=\"wp-block-preformatted\"><\/pre>\n","protected":false},"excerpt":{"rendered":"<p>Ces entreprises ont choisi Contacts partag\u00e9s pour Gmail\u00ae comme solution de gestion des contacts pour leurs clients. CounterPoint Umzuzu Steegle Nous vivons et respirons les services Google, le num\u00e9rique et les technologies de l&#8217;information. Notre \u00e9quipe num\u00e9rique se concentre sur la conception et le d\u00e9veloppement de sites web, l&#8217;h\u00e9bergement web, le r\u00e9f\u00e9rencement, Google AdWords (SEM [&hellip;]<\/p>\n","protected":false},"author":1,"featured_media":0,"parent":0,"menu_order":0,"comment_status":"closed","ping_status":"closed","template":"","meta":{"inline_featured_image":false,"footnotes":""},"class_list":["post-19750","page","type-page","status-publish","hentry"],"acf":[],"_links":{"self":[{"href":"https:\/\/getsharedcontacts.com\/fr\/wp-json\/wp\/v2\/pages\/19750","targetHints":{"allow":["GET"]}}],"collection":[{"href":"https:\/\/getsharedcontacts.com\/fr\/wp-json\/wp\/v2\/pages"}],"about":[{"href":"https:\/\/getsharedcontacts.com\/fr\/wp-json\/wp\/v2\/types\/page"}],"author":[{"embeddable":true,"href":"https:\/\/getsharedcontacts.com\/fr\/wp-json\/wp\/v2\/users\/1"}],"replies":[{"embeddable":true,"href":"https:\/\/getsharedcontacts.com\/fr\/wp-json\/wp\/v2\/comments?post=19750"}],"version-history":[{"count":2,"href":"https:\/\/getsharedcontacts.com\/fr\/wp-json\/wp\/v2\/pages\/19750\/revisions"}],"predecessor-version":[{"id":23617,"href":"https:\/\/getsharedcontacts.com\/fr\/wp-json\/wp\/v2\/pages\/19750\/revisions\/23617"}],"wp:attachment":[{"href":"https:\/\/getsharedcontacts.com\/fr\/wp-json\/wp\/v2\/media?parent=19750"}],"curies":[{"name":"wp","href":"https:\/\/api.w.org\/{rel}","templated":true}]}}