{"id":19745,"date":"2022-09-22T12:38:39","date_gmt":"2022-09-22T12:38:39","guid":{"rendered":"https:\/\/www.getsharedcontacts.com\/comment-utiliser-g-suite-google-workspace-comme-votre-crm-un-guide-pratique\/"},"modified":"2023-04-11T11:46:25","modified_gmt":"2023-04-11T11:46:25","slug":"comment-utiliser-g-suite-google-workspace-comme-votre-crm-un-guide-pratique","status":"publish","type":"page","link":"https:\/\/getsharedcontacts.com\/fr\/comment-utiliser-g-suite-google-workspace-comme-votre-crm-un-guide-pratique\/","title":{"rendered":"Comment utiliser G Suite\/Google Workspace comme votre CRM : Un guide pratique"},"content":{"rendered":"\n<!--more-->\n\n<h2 class=\"wp-block-heading\"><strong>Commencer votre essai gratuit<\/strong><\/h2>\n<div class=\"cta-item section half-spacing total-half-padding background-light\"><div class=\"container\"><div class=\"row align-items-center\"><div class=\"col-12 col-md-6\"><div class=\"cta-title\" style=\"color:#304D60\">Vos contacts. R\u00e9invent\u00e9. <\/div><div class=\"cta-sub-title mt-3\" style=\"color:#304D60\">L'IA qui construit, met \u00e0 jour et organise votre r\u00e9seau en temps r\u00e9el.<\/div><\/div><div class=\"col-12 col-md-6 text-center\"><a onclick=\"dataLayer.push({'event': '[Blog - CTA 3 - Vos contacts r\u00e9invent\u00e9s - Essayez maintenant]', 'website' : 'fr', 'location' : 'fr'})\" target=\"_blank\" href=\"#\"  class=\"button default mr-3 \" data-toggle=\"modal\" data-target=\"#myModal\" data-form=\"[Blog - CTA 3 - Vos contacts r\u00e9invent\u00e9s - Essayez maintenant]\">Essayez maintenant !<\/a><\/div><\/div><\/div><\/div>\n","protected":false},"excerpt":{"rendered":"","protected":false},"author":1,"featured_media":0,"parent":0,"menu_order":0,"comment_status":"closed","ping_status":"closed","template":"page-templates\/pillarblock.php","meta":{"inline_featured_image":false,"footnotes":""},"class_list":["post-19745","page","type-page","status-publish","hentry"],"acf":[],"_links":{"self":[{"href":"https:\/\/getsharedcontacts.com\/fr\/wp-json\/wp\/v2\/pages\/19745","targetHints":{"allow":["GET"]}}],"collection":[{"href":"https:\/\/getsharedcontacts.com\/fr\/wp-json\/wp\/v2\/pages"}],"about":[{"href":"https:\/\/getsharedcontacts.com\/fr\/wp-json\/wp\/v2\/types\/page"}],"author":[{"embeddable":true,"href":"https:\/\/getsharedcontacts.com\/fr\/wp-json\/wp\/v2\/users\/1"}],"replies":[{"embeddable":true,"href":"https:\/\/getsharedcontacts.com\/fr\/wp-json\/wp\/v2\/comments?post=19745"}],"version-history":[{"count":10,"href":"https:\/\/getsharedcontacts.com\/fr\/wp-json\/wp\/v2\/pages\/19745\/revisions"}],"predecessor-version":[{"id":24689,"href":"https:\/\/getsharedcontacts.com\/fr\/wp-json\/wp\/v2\/pages\/19745\/revisions\/24689"}],"wp:attachment":[{"href":"https:\/\/getsharedcontacts.com\/fr\/wp-json\/wp\/v2\/media?parent=19745"}],"curies":[{"name":"wp","href":"https:\/\/api.w.org\/{rel}","templated":true}]}}