{"id":19735,"date":"2022-09-22T12:25:11","date_gmt":"2022-09-22T12:25:11","guid":{"rendered":"https:\/\/www.getsharedcontacts.com\/conformite-au-gdpr\/"},"modified":"2022-09-22T12:25:12","modified_gmt":"2022-09-22T12:25:12","slug":"conformite-au-gdpr","status":"publish","type":"page","link":"https:\/\/getsharedcontacts.com\/fr\/conformite-au-gdpr\/","title":{"rendered":"Conformit\u00e9 au GDPR"},"content":{"rendered":"\n<p>Le GDPR (General Data Protection Regulation) est un r\u00e8glement important promulgu\u00e9 par la Commission europ\u00e9enne. L&#8217;objectif de ce r\u00e8glement est de prot\u00e9ger les donn\u00e9es personnelles des Europ\u00e9ens, stock\u00e9es par les organisations et les entreprises.<\/p>\n\n<p>ContactsFlow\u2122 (formerly Shared Contacts for Gmail\u2122) est conforme au GDPR. Par cons\u00e9quent, nous avons la responsabilit\u00e9 de vous tenir inform\u00e9 des donn\u00e9es que nous avons recueillies aupr\u00e8s de vous et de la mani\u00e8re dont vous pouvez exercer vos droits d&#8217;acc\u00e8s, de rectification, de portabilit\u00e9, de restriction et d&#8217;effacement (ou &#8220;droit \u00e0 l&#8217;oubli&#8221;).<\/p>\n\n<figure class=\"wp-block-image size-full\"><img loading=\"lazy\" decoding=\"async\" width=\"990\" height=\"556\" src=\"https:\/\/www.getsharedcontacts.com\/wp-content\/uploads\/2022\/08\/page-gdpr-photo.jpg\" alt=\"\" class=\"wp-image-18531\" srcset=\"https:\/\/getsharedcontacts.com\/wp-content\/uploads\/2022\/08\/page-gdpr-photo.jpg 990w, https:\/\/getsharedcontacts.com\/wp-content\/uploads\/2022\/08\/page-gdpr-photo-300x168.jpg 300w, https:\/\/getsharedcontacts.com\/wp-content\/uploads\/2022\/08\/page-gdpr-photo-150x84.jpg 150w, https:\/\/getsharedcontacts.com\/wp-content\/uploads\/2022\/08\/page-gdpr-photo-768x431.jpg 768w\" sizes=\"auto, (max-width: 990px) 100vw, 990px\" \/><\/figure>\n\n<h2 class=\"wp-block-heading\">QUELLES INFORMATIONS SONT STOCK\u00c9ES DANS LES <em>CONTACTS PARTAG\u00c9S POUR LES<\/em> SYST\u00c8MES <em>GMAIL\u00ae<\/em> ET COMMENT LES SUPPRIMER ?<\/h2>\n\n<h3 class=\"wp-block-heading\">Vos informations de compte<\/h3>\n\n<p>Nous stockons les informations relatives \u00e0 votre compte (nom de votre entreprise, noms\/adresses des utilisateurs, noms des groupes, informations de paiement, adresse) afin de communiquer avec vous et de pouvoir vous fournir le service auquel vous avez souscrit. Nous conserverons et utiliserons vos informations comme il se doit pour nous conformer \u00e0 nos obligations l\u00e9gales, r\u00e9soudre les litiges et faire respecter nos accords.<\/p>\n\n<p>Les informations relatives \u00e0 votre compte que nous stockons comprennent :<\/p>\n\n<ul class=\"wp-block-list\"><li>Votre nom d&#8217;utilisateur et votre adresse \u00e9lectronique Google<\/li><li>Votre num\u00e9ro de t\u00e9l\u00e9phone<\/li><li>Les utilisateurs de votre domaine (si vous utilisez G Suite ou Google Workspace)<\/li><li>Vos param\u00e8tres de partage (pour g\u00e9rer les autorisations de qui peut acc\u00e9der \u00e0 quel groupe de contacts)<\/li><li>Les param\u00e8tres utilisateur de base que vous utilisez pour vos informations sur Google Workspace \/ G Suite (comme le nom de domaine, G Suite \/ Google Workspace Edition, la langue et le pays, etc.)<\/li><\/ul>\n\n<h3 class=\"wp-block-heading\">Les informations de vos contacts<\/h3>\n\n<p>Les informations de contact stock\u00e9es dans nos syst\u00e8mes sont les suivantes :<\/p>\n\n<ul class=\"wp-block-list\"><li>Les noms de vos \u00e9tiquettes de contact (afin qu&#8217;elles puissent \u00eatre partag\u00e9es par vous ou votre organisation)<\/li><li>Leurs noms, num\u00e9ros de t\u00e9l\u00e9phone, adresses \u00e9lectroniques et toutes les informations que vous avez pu saisir dans les champs de contact standard (comme l&#8217;adresse physique, le nom de la soci\u00e9t\u00e9, les titres des postes&#8230;).<\/li><li>Informations stock\u00e9es dans des champs personnalis\u00e9s que vous avez peut-\u00eatre cr\u00e9\u00e9s<\/li><li>Notes et commentaires ajout\u00e9s par vos collaborateurs.<\/li><\/ul>\n\n<p>Afin de comparer les contacts mis \u00e0 jour sans exposer aucun d\u00e9tail personnel, nous utilisons des <a href=\"https:\/\/en.wikipedia.org\/wiki\/Hash_function\" target=\"_blank\" rel=\"noreferrer noopener\">fonctions de hachage<\/a> \u00e0 haut niveau de cryptage.<\/p>\n\n<p>Nous utilisons \u00e9galement des fonctions de <a href=\"https:\/\/en.wikipedia.org\/wiki\/Hash_function\" target=\"_blank\" rel=\"noreferrer noopener\">hachage<\/a> pour comparer les contacts mis \u00e0 jour sans stocker aucun d\u00e9tail personnel.<\/p>\n\n<p>Pour supprimer\/supprimer un contact partag\u00e9, toute personne disposant de l&#8217;autorisation &#8220;Peut supprimer&#8221; pourra le faire \u00e0 partir de son <a href=\"https:\/\/www.google.com\/contacts\" target=\"_blank\" rel=\"noreferrer noopener\">gestionnaire de contacts Google<\/a>.<\/p>\n\n<p>ContactsFlow\u2122 (formerly Shared Contacts for Gmail\u2122) est conforme \u00e0 la r\u00e9glementation GDPR. Cela signifie que nous respectons votre droit de propri\u00e9t\u00e9 sur le contenu que vous avez cr\u00e9\u00e9 ou stock\u00e9. Sauf autorisation expresse de votre part, nous n&#8217;utiliserons, ne reproduirons, n&#8217;adapterons, ne modifierons, ne publierons ni ne distribuerons aucun des contenus que vous avez cr\u00e9\u00e9s. Si vous souhaitez fermer votre compte ou demander que nous n&#8217;utilisions plus vos informations pour vous fournir des services, nous le ferons conform\u00e9ment \u00e0 la r\u00e9glementation.<\/p>\n\n<h2 class=\"wp-block-heading\">QU&#8217;ARRIVE-T-IL \u00c0 MES DONN\u00c9ES LORSQUE J&#8217;ANNULE MON ABONNEMENT AUX CONTACTS PARTAG\u00c9S POUR GMAIL\u00ae ?<\/h2>\n\n<h3 class=\"wp-block-heading\">Les informations de vos contacts<\/h3>\n\n<p>Apr\u00e8s l&#8217;annulation de votre abonnement, ContactsFlow\u2122 (formerly Shared Contacts for Gmail\u2122) conservera vos donn\u00e9es de contact dans la base de donn\u00e9es de ses syst\u00e8mes pour une \u00e9ventuelle restauration pendant une dur\u00e9e de 6 mois. Apr\u00e8s cette p\u00e9riode, vos donn\u00e9es seront d\u00e9finitivement effac\u00e9es par notre syst\u00e8me.<\/p>\n\n<p>Toutefois, si vous \u00eates s\u00fbr de ne plus avoir besoin de vos donn\u00e9es, vous pouvez demander leur suppression avant ce d\u00e9lai de gr\u00e2ce de six mois.  <\/p>\n\n<p><strong>Attention : La d\u00e9sinstallation de l&#8217;application depuis Google ne fonctionne pas comme une annulation. Pour annuler votre abonnement, vous devez utiliser le tableau de bord de GappsExperts accessible depuis <a href=\"https:\/\/app.gmailsharedcontacts.com\">https:\/\/app.gmailsharedcontacts.com.<\/a><\/strong><\/p>\n\n<h3 class=\"wp-block-heading\">Vos informations de compte<\/h3>\n\n<p>Nous conserverons et utiliserons les informations relatives \u00e0 votre propre compte (nom de l&#8217;entreprise, t\u00e9l\u00e9phone, adresse \u00e9lectronique de contact, etc.) dans la mesure o\u00f9 cela est n\u00e9cessaire pour nous conformer \u00e0 nos obligations l\u00e9gales, r\u00e9soudre les litiges et faire respecter nos accords. Vous pouvez demander par courrier \u00e9lectronique la suppression d\u00e9finitive de vos donn\u00e9es personnelles. Nous ne stockons jamais d&#8217;informations au-del\u00e0 de notre obligation l\u00e9gale de les conserver. De m\u00eame, nous ne conservons que les informations n\u00e9cessaires \u00e0 la fourniture de notre service.  <\/p>\n\n<p><\/p>\n\n<h3 class=\"wp-block-heading\">Quelles informations vous concernant sont stock\u00e9es dans Contacts partag\u00e9s pour Gmail\u00ae ?<\/h3>\n\n<p>Afin de vous fournir le meilleur service possible, ContactsFlow\u2122 (formerly Shared Contacts for Gmail\u2122) stocke les donn\u00e9es suivantes :<\/p>\n\n<ul class=\"wp-block-list\"><li>Les noms de vos groupes de contacts (afin que ceux-ci puissent \u00eatre partag\u00e9s par vous ou votre organisation)<\/li><li>Les noms de vos groupes d&#8217;utilisateurs (afin de faciliter le partage avec une liste de diffusion)<\/li><li>Param\u00e8tres de partage (pour g\u00e9rer les autorisations de qui peut acc\u00e9der \u00e0 quel groupe de contacts)<\/li><li>Les utilisateurs de votre domaine (si vous utilisez G Suite)<\/li><li>Langue et pays<\/li><\/ul>\n\n<p>Nous utilisons des <a href=\"https:\/\/en.wikipedia.org\/wiki\/Hash_function\" target=\"_blank\" rel=\"noreferrer noopener\">fonctions de hachage<\/a> \u00e0 haut niveau de cryptage pour comparer les contacts mis \u00e0 jour sans exposer aucun d\u00e9tail personnel.<\/p>\n\n<h3 class=\"wp-block-heading\">Qui pouvez-vous contacter pour l&#8217;inspection des donn\u00e9es ?<\/h3>\n\n<p>Pour toute demande concernant l&#8217;acc\u00e8s \u00e0 vos donn\u00e9es personnelles, une demande de suppression, ou toute information sur nos processus internes de gestion des donn\u00e9es personnelles, vous pouvez contacter notre d\u00e9l\u00e9gu\u00e9 \u00e0 la protection des donn\u00e9es (DPD) \u00e0 l&#8217;adresse <a href=\"mailto:dpo@getsharedcontacts.com\">dpo@getsharedcontacts.com.<\/a><\/p>\n","protected":false},"excerpt":{"rendered":"<p>Le GDPR (General Data Protection Regulation) est un r\u00e8glement important promulgu\u00e9 par la Commission europ\u00e9enne. L&#8217;objectif de ce r\u00e8glement est de prot\u00e9ger les donn\u00e9es personnelles des Europ\u00e9ens, stock\u00e9es par les organisations et les entreprises. ContactsFlow\u2122 (formerly Shared Contacts for Gmail\u2122) est conforme au GDPR. Par cons\u00e9quent, nous avons la responsabilit\u00e9 de vous tenir inform\u00e9 des [&hellip;]<\/p>\n","protected":false},"author":1,"featured_media":0,"parent":0,"menu_order":0,"comment_status":"closed","ping_status":"closed","template":"","meta":{"inline_featured_image":false,"footnotes":""},"class_list":["post-19735","page","type-page","status-publish","hentry"],"acf":[],"_links":{"self":[{"href":"https:\/\/getsharedcontacts.com\/fr\/wp-json\/wp\/v2\/pages\/19735","targetHints":{"allow":["GET"]}}],"collection":[{"href":"https:\/\/getsharedcontacts.com\/fr\/wp-json\/wp\/v2\/pages"}],"about":[{"href":"https:\/\/getsharedcontacts.com\/fr\/wp-json\/wp\/v2\/types\/page"}],"author":[{"embeddable":true,"href":"https:\/\/getsharedcontacts.com\/fr\/wp-json\/wp\/v2\/users\/1"}],"replies":[{"embeddable":true,"href":"https:\/\/getsharedcontacts.com\/fr\/wp-json\/wp\/v2\/comments?post=19735"}],"version-history":[{"count":1,"href":"https:\/\/getsharedcontacts.com\/fr\/wp-json\/wp\/v2\/pages\/19735\/revisions"}],"predecessor-version":[{"id":19736,"href":"https:\/\/getsharedcontacts.com\/fr\/wp-json\/wp\/v2\/pages\/19735\/revisions\/19736"}],"wp:attachment":[{"href":"https:\/\/getsharedcontacts.com\/fr\/wp-json\/wp\/v2\/media?parent=19735"}],"curies":[{"name":"wp","href":"https:\/\/api.w.org\/{rel}","templated":true}]}}