{"id":16059,"date":"2022-01-21T14:26:33","date_gmt":"2022-01-21T14:26:33","guid":{"rendered":"https:\/\/www.getsharedcontacts.com\/ce-que-vous-devez-savoir-sur-la-migration-vers-googleworkspace\/"},"modified":"2022-10-18T12:22:58","modified_gmt":"2022-10-18T12:22:58","slug":"ce-que-vous-devez-savoir-sur-la-migration-vers-googleworkspace","status":"publish","type":"page","link":"https:\/\/getsharedcontacts.com\/fr\/ce-que-vous-devez-savoir-sur-la-migration-vers-googleworkspace\/","title":{"rendered":"Ce qu&#8217;il faut savoir sur la migration vers Google Workspace"},"content":{"rendered":"\n<p><\/p>\n\n<!--more-->\n\n<h2 class=\"wp-block-heading\"><strong>Commencer votre essai gratuit<\/strong><\/h2>\n<div class=\"cta-item section half-spacing total-half-padding background-light\"><div class=\"container\"><div class=\"row align-items-center\"><div class=\"col-12 col-md-6\"><div class=\"cta-title\" style=\"color:#304D60\">Vos contacts. R\u00e9invent\u00e9. <\/div><div class=\"cta-sub-title mt-3\" style=\"color:#304D60\">L'IA qui construit, met \u00e0 jour et organise votre r\u00e9seau en temps r\u00e9el.<\/div><\/div><div class=\"col-12 col-md-6 text-center\"><a onclick=\"dataLayer.push({'event': '[Blog - CTA 3 - Vos contacts r\u00e9invent\u00e9s - Essayez maintenant]', 'website' : 'fr', 'location' : 'fr'})\" target=\"_blank\" href=\"#\"  class=\"button default mr-3 \" data-toggle=\"modal\" data-target=\"#myModal\" data-form=\"[Blog - CTA 3 - Vos contacts r\u00e9invent\u00e9s - Essayez maintenant]\">Essayez maintenant !<\/a><\/div><\/div><\/div><\/div>\n","protected":false},"excerpt":{"rendered":"","protected":false},"author":1,"featured_media":15227,"parent":0,"menu_order":0,"comment_status":"closed","ping_status":"closed","template":"page-templates\/pillarblock.php","meta":{"inline_featured_image":false,"footnotes":""},"class_list":["post-16059","page","type-page","status-publish","has-post-thumbnail","hentry"],"acf":[],"_links":{"self":[{"href":"https:\/\/getsharedcontacts.com\/fr\/wp-json\/wp\/v2\/pages\/16059","targetHints":{"allow":["GET"]}}],"collection":[{"href":"https:\/\/getsharedcontacts.com\/fr\/wp-json\/wp\/v2\/pages"}],"about":[{"href":"https:\/\/getsharedcontacts.com\/fr\/wp-json\/wp\/v2\/types\/page"}],"author":[{"embeddable":true,"href":"https:\/\/getsharedcontacts.com\/fr\/wp-json\/wp\/v2\/users\/1"}],"replies":[{"embeddable":true,"href":"https:\/\/getsharedcontacts.com\/fr\/wp-json\/wp\/v2\/comments?post=16059"}],"version-history":[{"count":5,"href":"https:\/\/getsharedcontacts.com\/fr\/wp-json\/wp\/v2\/pages\/16059\/revisions"}],"predecessor-version":[{"id":20593,"href":"https:\/\/getsharedcontacts.com\/fr\/wp-json\/wp\/v2\/pages\/16059\/revisions\/20593"}],"wp:featuredmedia":[{"embeddable":true,"href":"https:\/\/getsharedcontacts.com\/fr\/wp-json\/wp\/v2\/media\/15227"}],"wp:attachment":[{"href":"https:\/\/getsharedcontacts.com\/fr\/wp-json\/wp\/v2\/media?parent=16059"}],"curies":[{"name":"wp","href":"https:\/\/api.w.org\/{rel}","templated":true}]}}