{"id":18543,"date":"2022-08-15T07:56:50","date_gmt":"2022-08-15T07:56:50","guid":{"rendered":"https:\/\/www.getsharedcontacts.com\/cumplimiento-del-gdpr\/"},"modified":"2022-09-05T16:35:09","modified_gmt":"2022-09-05T16:35:09","slug":"cumplimiento-del-gdpr","status":"publish","type":"page","link":"https:\/\/getsharedcontacts.com\/es\/cumplimiento-del-gdpr\/","title":{"rendered":"Cumplimiento del GDPR"},"content":{"rendered":"\n<p>El GDPR (Reglamento General de Protecci\u00f3n de Datos) es un importante reglamento promulgado por la Comisi\u00f3n Europea. El objetivo de este reglamento es proteger los datos personales de los europeos, almacenados por organizaciones y empresas.<\/p>\n\n<p>ContactsFlow\u2122 (formerly Shared Contacts for Gmail\u2122) cumple con el GDPR. Por lo tanto, tenemos la responsabilidad de mantenerle informado sobre los datos que hemos recopilado de usted y sobre c\u00f3mo puede ejercer sus derechos de acceso, rectificaci\u00f3n, restricci\u00f3n de la portabilidad y supresi\u00f3n (o &#8220;derecho al olvido&#8221;).<\/p>\n\n<figure class=\"wp-block-image size-full\"><img loading=\"lazy\" decoding=\"async\" width=\"990\" height=\"556\" src=\"https:\/\/www.getsharedcontacts.com\/wp-content\/uploads\/2022\/08\/page-gdpr-photo.jpg\" alt=\"\" class=\"wp-image-18537\" srcset=\"https:\/\/getsharedcontacts.com\/wp-content\/uploads\/2022\/08\/page-gdpr-photo.jpg 990w, https:\/\/getsharedcontacts.com\/wp-content\/uploads\/2022\/08\/page-gdpr-photo-300x168.jpg 300w, https:\/\/getsharedcontacts.com\/wp-content\/uploads\/2022\/08\/page-gdpr-photo-150x84.jpg 150w, https:\/\/getsharedcontacts.com\/wp-content\/uploads\/2022\/08\/page-gdpr-photo-768x431.jpg 768w\" sizes=\"auto, (max-width: 990px) 100vw, 990px\" \/><\/figure>\n\n<h2 class=\"wp-block-heading\">\u00bfQU\u00c9 INFORMACI\u00d3N SE ALMACENA EN LOS <em>CONTACTOS COMPARTIDOS PARA LOS<\/em> SISTEMAS DE <em>GMAIL\u00ae<\/em> Y C\u00d3MO ELIMINARLA?<\/h2>\n\n<h3 class=\"wp-block-heading\">Los datos de su cuenta<\/h3>\n\n<p>Almacenamos la informaci\u00f3n de su cuenta (nombre de la empresa, nombres de usuario\/direcci\u00f3n, nombres de grupos, informaci\u00f3n de pago, direcci\u00f3n) para poder comunicarnos con usted y poder proporcionarle el servicio al que se ha suscrito. Conservaremos y utilizaremos su informaci\u00f3n seg\u00fan sea necesario para cumplir con nuestras obligaciones legales, resolver conflictos y hacer cumplir nuestros acuerdos.<\/p>\n\n<p>La informaci\u00f3n sobre su cuenta que almacenamos incluye:<\/p>\n\n<ul class=\"wp-block-list\"><li>Tu nombre de usuario y direcci\u00f3n de correo electr\u00f3nico de Google<\/li><li>Su n\u00famero de tel\u00e9fono<\/li><li>Los usuarios de tu dominio (si utilizas G Suite o Google Workspace)<\/li><li>Su configuraci\u00f3n de uso compartido (para gestionar los permisos de qui\u00e9n puede acceder a qu\u00e9 grupo de contactos)<\/li><li>La configuraci\u00f3n b\u00e1sica del usuario que utiliza para su informaci\u00f3n de Google Workspace \/ G Suite (como el nombre de dominio, G Suite \/ Google Workspace Edition, el idioma y el pa\u00eds, etc.)<\/li><\/ul>\n\n<h3 class=\"wp-block-heading\">La informaci\u00f3n de tus contactos<\/h3>\n\n<p>Los datos de contacto almacenados en nuestros sistemas son los siguientes:<\/p>\n\n<ul class=\"wp-block-list\"><li>Los nombres de sus etiquetas de contacto (para que puedan ser compartidas por usted o su organizaci\u00f3n)<\/li><li>Sus nombres, n\u00fameros de tel\u00e9fono, direcciones de correo electr\u00f3nico y toda la informaci\u00f3n que haya introducido en los campos de contacto est\u00e1ndar (como la direcci\u00f3n f\u00edsica, el nombre de la empresa, los cargos&#8230;)<\/li><li>Informaci\u00f3n almacenada en los campos personalizados que haya creado<\/li><li>Notas y comentarios a\u00f1adidos por sus colaboradores.<\/li><\/ul>\n\n<p>Para comparar los contactos actualizados sin exponer ning\u00fan detalle personal, utilizamos <a href=\"https:\/\/en.wikipedia.org\/wiki\/Hash_function\" target=\"_blank\" rel=\"noreferrer noopener\">funciones hash<\/a> de alta codificaci\u00f3n.<\/p>\n\n<p>Tambi\u00e9n utilizamos funciones <a href=\"https:\/\/en.wikipedia.org\/wiki\/Hash_function\" target=\"_blank\" rel=\"noreferrer noopener\">hash<\/a> para comparar contactos actualizados sin almacenar ning\u00fan detalle personal.<\/p>\n\n<p>Para eliminar\/retirar cualquier contacto compartido, cualquier persona que tenga el permiso &#8220;Puede eliminar&#8221; podr\u00e1 hacerlo desde su <a href=\"https:\/\/www.google.com\/contacts\" target=\"_blank\" rel=\"noreferrer noopener\">Administrador de contactos de Google<\/a>.<\/p>\n\n<p>ContactsFlow\u2122 (formerly Shared Contacts for Gmail\u2122) cumple con la normativa GDPR. Esto significa que respetamos su derecho a la propiedad de los contenidos creados o almacenados por usted. A menos que usted lo permita espec\u00edficamente, no utilizaremos, reproduciremos, adaptaremos, modificaremos, publicaremos o distribuiremos ninguno de los contenidos que usted haya creado. Si desea cerrar su cuenta o solicitar que dejemos de utilizar sus datos para prestarle servicios, lo haremos de acuerdo con la normativa.<\/p>\n\n<h2 class=\"wp-block-heading\">\u00bfQU\u00c9 OCURRE CON MIS DATOS CUANDO CANCELO MI SUSCRIPCI\u00d3N A CONTACTOS COMPARTIDOS PARA GMAIL\u00ae?<\/h2>\n\n<h3 class=\"wp-block-heading\">La informaci\u00f3n de tus contactos<\/h3>\n\n<p>Despu\u00e9s de cancelar la suscripci\u00f3n, Contactos compartidos para Gmail\u00ae conservar\u00e1 los datos de tus contactos en su base de datos de sistemas para una posible restauraci\u00f3n durante un per\u00edodo de 6 meses. Nuestro sistema borrar\u00e1 sus datos permanentemente despu\u00e9s de ese per\u00edodo.<\/p>\n\n<p>Sin embargo, si est\u00e1 seguro de que ya no necesita sus datos, puede solicitar su eliminaci\u00f3n antes de este periodo de gracia de 6 meses.  <\/p>\n\n<p><strong>Atenci\u00f3n: La desinstalaci\u00f3n de la aplicaci\u00f3n desde Google no funciona como cancelaci\u00f3n. Para cancelar su suscripci\u00f3n, debe utilizar el panel de control de GappsExperts accesible desde <a href=\"https:\/\/app.gmailsharedcontacts.com\">https:\/\/app.gmailsharedcontacts.com.<\/a><\/strong><\/p>\n\n<h3 class=\"wp-block-heading\">Los datos de su cuenta<\/h3>\n\n<p>Conservaremos y utilizaremos la informaci\u00f3n de su propia cuenta (nombre de la empresa, tel\u00e9fono, correo electr\u00f3nico de contacto, etc.) seg\u00fan sea necesario para cumplir con nuestras obligaciones legales, resolver conflictos y hacer cumplir nuestros acuerdos. Puede escribir una solicitud por correo electr\u00f3nico para eliminar definitivamente sus datos personales. Nunca almacenamos informaci\u00f3n m\u00e1s all\u00e1 de nuestra obligaci\u00f3n legal de conservarla. Asimismo, s\u00f3lo conservamos la informaci\u00f3n necesaria para prestar nuestro servicio.  <\/p>\n\n<p><\/p>\n\n<h3 class=\"wp-block-heading\">\u00bfQu\u00e9 informaci\u00f3n se almacena de ti en Contactos compartidos para Gmail\u00ae?<\/h3>\n\n<p>Con el fin de ofrecerte el mejor servicio, Contactos compartidos para Gmail\u00ae almacena los siguientes datos:<\/p>\n\n<ul class=\"wp-block-list\"><li>Los nombres de sus grupos de contacto (para que puedan ser compartidos por usted o su organizaci\u00f3n)<\/li><li>Los nombres de sus grupos de usuarios (para facilitar el intercambio con una lista de correo)<\/li><li>Ajustes de uso compartido (para gestionar los permisos de qui\u00e9n puede acceder a cada grupo de contactos)<\/li><li>Los usuarios de su dominio (si utiliza G Suite)<\/li><li>Lengua y pa\u00eds<\/li><\/ul>\n\n<p>Utilizamos <a href=\"https:\/\/en.wikipedia.org\/wiki\/Hash_function\" target=\"_blank\" rel=\"noreferrer noopener\">funciones hash<\/a> de alta codificaci\u00f3n para comparar los contactos actualizados sin exponer ning\u00fan detalle personal.<\/p>\n\n<h3 class=\"wp-block-heading\">\u00bfCon qui\u00e9n puede contactar para la inspecci\u00f3n de datos?<\/h3>\n\n<p>Para cualquier consulta sobre el acceso a sus datos personales, la solicitud de supresi\u00f3n o cualquier informaci\u00f3n sobre nuestros procesos internos de gesti\u00f3n de datos personales, puede ponerse en contacto con nuestro responsable de la protecci\u00f3n de datos (DPO) en <a href=\"mailto:dpo@gappsexperts.com\">dpo@gappsexperts.com.<\/a><\/p>\n","protected":false},"excerpt":{"rendered":"<p>El GDPR (Reglamento General de Protecci\u00f3n de Datos) es un importante reglamento promulgado por la Comisi\u00f3n Europea. El objetivo de este reglamento es proteger los datos personales de los europeos, almacenados por organizaciones y empresas. ContactsFlow\u2122 (formerly Shared Contacts for Gmail\u2122) cumple con el GDPR. Por lo tanto, tenemos la responsabilidad de mantenerle informado sobre [&hellip;]<\/p>\n","protected":false},"author":1,"featured_media":0,"parent":0,"menu_order":0,"comment_status":"closed","ping_status":"closed","template":"","meta":{"inline_featured_image":false,"footnotes":""},"class_list":["post-18543","page","type-page","status-publish","hentry"],"acf":[],"_links":{"self":[{"href":"https:\/\/getsharedcontacts.com\/es\/wp-json\/wp\/v2\/pages\/18543","targetHints":{"allow":["GET"]}}],"collection":[{"href":"https:\/\/getsharedcontacts.com\/es\/wp-json\/wp\/v2\/pages"}],"about":[{"href":"https:\/\/getsharedcontacts.com\/es\/wp-json\/wp\/v2\/types\/page"}],"author":[{"embeddable":true,"href":"https:\/\/getsharedcontacts.com\/es\/wp-json\/wp\/v2\/users\/1"}],"replies":[{"embeddable":true,"href":"https:\/\/getsharedcontacts.com\/es\/wp-json\/wp\/v2\/comments?post=18543"}],"version-history":[{"count":3,"href":"https:\/\/getsharedcontacts.com\/es\/wp-json\/wp\/v2\/pages\/18543\/revisions"}],"predecessor-version":[{"id":19359,"href":"https:\/\/getsharedcontacts.com\/es\/wp-json\/wp\/v2\/pages\/18543\/revisions\/19359"}],"wp:attachment":[{"href":"https:\/\/getsharedcontacts.com\/es\/wp-json\/wp\/v2\/media?parent=18543"}],"curies":[{"name":"wp","href":"https:\/\/api.w.org\/{rel}","templated":true}]}}