{"id":20874,"date":"2022-10-26T05:01:27","date_gmt":"2022-10-26T05:01:27","guid":{"rendered":"https:\/\/www.getsharedcontacts.com\/datenschutzbestimmungen\/"},"modified":"2023-12-11T14:50:11","modified_gmt":"2023-12-11T14:50:11","slug":"datenschutzbestimmungen","status":"publish","type":"page","link":"https:\/\/getsharedcontacts.com\/de\/datenschutzbestimmungen\/","title":{"rendered":"Datenschutzbestimmungen"},"content":{"rendered":"\n<p>Diese Datenschutzerkl\u00e4rung beschreibt, wie Gapps Experts Inc. die Informationen, die Sie in ContactsFlow\u2122 (formerly Shared Contacts for Gmail\u2122), MAPI for Gmail\u00ae und anderen von Gapps Experts Inc. bereitgestellten Online-Anwendungen zur Verf\u00fcgung stellen, sammelt und verwendet. Au\u00dferdem wird beschrieben, welche M\u00f6glichkeiten Sie in Bezug auf die Verwendung Ihrer Daten durch uns haben und wie Sie auf diese Daten zugreifen und sie aktualisieren k\u00f6nnen.<\/p>\n\n<h2 class=\"wp-block-heading\">A. Erhebung und Verwendung<\/h2>\n\n<p>Wir erheben die folgenden personenbezogenen Daten von Ihnen:<\/p>\n\n<p>Gemeinsame Kontakte f\u00fcr Gmail\u00ae:<\/p>\n\n<ol class=\"wp-block-list\">\n<li>Ihre Google-Kontakte: (Lesen \/ Schreiben): Dient zur Synchronisierung der Kontakte, die Sie mit anderen Nutzern teilen m\u00f6chten.<\/li>\n\n\n\n<li>Ihre Google-Nutzerinformationen (schreibgesch\u00fctzt) : Wird verwendet, um Sie zu authentifizieren, wenn Sie sich bei der Anwendung anmelden, und um Ihr Benutzerprofil anzuzeigen.<\/li>\n\n\n\n<li>Ihre Google-Verzeichnisinformationen (Lesen\/Schreiben) : Dient dazu, die Nutzer und Mailinglisten Ihrer Domain zu kennen, um Ihnen zu erm\u00f6glichen, Kontakte mit ihnen zu teilen. Die Schreibberechtigung wird verwendet, damit der Benutzer sein Verzeichnisprofil mit Hilfe der Anwendung aktualisieren kann.<\/li>\n\n\n\n<li>Ihre Google-Lizenzen (schreibgesch\u00fctzt) : Wird verwendet, um automatische Rabatte, Pakete und Werbeaktionen anzubieten, die auf Google-Lizenzen basieren.<\/li>\n<\/ol>\n\n<p>MAPI f\u00fcr Gmail\u00ae :<\/p>\n\n<ol class=\"wp-block-list\">\n<li>Ihre Google-Nutzerinformationen (schreibgesch\u00fctzt) : Wird verwendet, um Sie zu authentifizieren, wenn Sie sich bei der Anwendung anmelden.<\/li>\n\n\n\n<li>Ihre Google-E-Mails: Zum Erstellen von E-Mail-Entw\u00fcrfen und Anh\u00e4ngen von Dateien, die Sie versenden m\u00f6chten.<\/li>\n<\/ol>\n\n<p>Es ist wichtig, Sie daran zu erinnern, dass Gapps Experts Inc. keine E-Mail-Nachrichten oder Dokumente von Ihren Google-Konten abruft. Die Kontakte werden nur zu Synchronisierungszwecken abgerufen und sofort gehasht. Weitere Informationen finden Sie in Abschnitt F \u00fcber &#8220;Gespeicherte Informationen&#8221;.<\/p>\n\n<p>ContactsFlow\u2122 (formerly Shared Contacts for Gmail\u2122) respektiert Ihre Privatsph\u00e4re und behandelt Ihre Daten mit \u00e4u\u00dferster Sorgfalt. Die Daten, die wir von den Google-APIs erhalten, werden ausschlie\u00dflich dazu verwendet, unsere Dienste f\u00fcr Sie bereitzustellen und zu verbessern. Wir halten uns an die <strong>Google API Services-Nutzerdatenrichtlinie<\/strong>, einschlie\u00dflich der Anforderungen zur eingeschr\u00e4nkten Nutzung, was bedeutet, dass Ihre Daten <strong>niemals f\u00fcr Werbung verwendet oder<\/strong> ohne Ihre ausdr\u00fcckliche Zustimmung <strong>an andere Apps \u00fcbertragen<\/strong> werden. Weitere Informationen zu diesen Ma\u00dfnahmen finden Sie <a href=\"https:\/\/developers.google.com\/terms\/api-services-user-data-policy#additional_requirements_for_specific_api_scopes\" target=\"_blank\" rel=\"noreferrer noopener\">hier<\/a>.  <\/p>\n\n<h2 class=\"wp-block-heading\">B. Wir verwenden diese Informationen, um<\/h2>\n\n<ol class=\"wp-block-list\">\n<li>Erleichterung und Verwaltung von Gesch\u00e4ftsdienstleistungen, die Sie \u00fcber unsere Anwendungen angefordert haben.<\/li>\n\n\n\n<li>Wenn Sie uns personenbezogene Daten \u00fcber andere Personen zur Verf\u00fcgung stellen oder wenn andere Personen uns Ihre Daten zur Verf\u00fcgung stellen, werden wir diese Daten nur f\u00fcr den spezifischen Zweck verwenden, f\u00fcr den sie uns zur Verf\u00fcgung gestellt wurden.<\/li>\n<\/ol>\n\n<h2 class=\"wp-block-heading\">C. Offenlegung gegen\u00fcber Dritten<\/h2>\n\n<p>Wir werden Ihre pers\u00f6nlichen Daten nur in der in dieser Datenschutzerkl\u00e4rung beschriebenen Weise an Dritte weitergeben. Wir verkaufen Ihre pers\u00f6nlichen Daten nicht an Dritte. Wir k\u00f6nnen Ihre pers\u00f6nlichen Daten an Unternehmen weitergeben, die uns bei unseren gesch\u00e4ftlichen Aktivit\u00e4ten unterst\u00fctzen, z. B. bei der Bereitstellung von Kundensupportleistungen. Diese Unternehmen sind befugt, Ihre pers\u00f6nlichen Daten nur in dem Ma\u00dfe zu verwenden, wie es f\u00fcr die Erbringung dieser Dienstleistungen f\u00fcr uns erforderlich ist. Wir k\u00f6nnen Ihre pers\u00f6nlichen Daten auch weitergeben:<\/p>\n\n<ol class=\"wp-block-list\">\n<li>Wenn dies gesetzlich vorgeschrieben ist, z. B. um einer Vorladung oder einem \u00e4hnlichen rechtlichen Verfahren nachzukommen.<\/li>\n\n\n\n<li>Wenn wir in gutem Glauben davon ausgehen, dass die Offenlegung notwendig ist, um unsere Rechte zu sch\u00fctzen, Ihre Sicherheit oder die Sicherheit anderer zu sch\u00fctzen, Betrug zu untersuchen oder auf eine beh\u00f6rdliche Anfrage zu reagieren.<\/li>\n\n\n\n<li>Wenn wir an einer Fusion, einer \u00dcbernahme oder einem Verkauf aller oder eines Teils der Verm\u00f6genswerte beteiligt sind, werden Sie per E-Mail und\/oder durch einen auff\u00e4lligen Hinweis in unserer App \u00fcber jede \u00c4nderung der Eigentumsverh\u00e4ltnisse oder der Verwendung Ihrer personenbezogenen Daten sowie \u00fcber alle M\u00f6glichkeiten, die Sie in Bezug auf Ihre personenbezogenen Daten haben, informiert.<\/li>\n\n\n\n<li>an sonstige Dritte mit Ihrer vorherigen Zustimmung<\/li>\n<\/ol>\n\n<h2 class=\"wp-block-heading\">D. Sicherheit<\/h2>\n\n<p>Die Sicherheit Ihrer pers\u00f6nlichen Daten ist uns wichtig. Wir ergreifen wirtschaftlich vertretbare Ma\u00dfnahmen und halten uns an allgemein anerkannte Standards, um die von Ihnen zur Verf\u00fcgung gestellten Informationen zu sch\u00fctzen, sowohl w\u00e4hrend der \u00dcbermittlung als auch nach dem Erhalt der Daten. Wenn Sie beispielsweise beim Kauf einer App oder \u00fcber die App selbst sensible Daten wie eine Kreditkartennummer angeben, werden die von Ihnen bereitgestellten Daten verschl\u00fcsselt \u00fcbertragen, wobei Technologien wie die Secure Socket Layer-Technologie (SSL) zum Einsatz kommen. Keine Methode der \u00dcbertragung \u00fcber das Internet und keine Methode der elektronischen Speicherung ist 100% sicher. Daher k\u00f6nnen wir die absolute Sicherheit Ihrer Daten nicht garantieren.<\/p>\n\n<h2 class=\"wp-block-heading\">E. Verfolgungstechnologien<\/h2>\n\n<p>Gapps Experts Inc. verwendet Google Analytics, um die Nutzung der Website von ContactsFlow\u2122 (formerly Shared Contacts for Gmail\u2122) durch die Nutzer zu analysieren. Der Tracking-Code von Google Analytics ist in www.getsharedcontacts.com und <a href=\"https:\/\/www.mapi4gmail.com\" target=\"_blank\" rel=\"noreferrer noopener\">www.mapi4gmail.com<\/a> implementiert und stellt uns aggregierte Daten zur Verf\u00fcgung, damit wir fundierte Gesch\u00e4ftsentscheidungen treffen k\u00f6nnen. Damit wir Verk\u00e4ufe und andere Konversionen verfolgen k\u00f6nnen, verwenden wir auch Adwords-Cookies f\u00fcr die Konversionsverfolgung. Dar\u00fcber hinaus nutzen wir Remarketing und gezielte Zielgruppen, um im gesamten Internet zu werben. Zusammen mit dem Google Analytics-Cookie wird das DoubleClick-Cookie von Google auf der Grundlage des Browserverlaufs des Nutzers gesammelt. Dies hilft uns, ein genaueres Verst\u00e4ndnis der Demografie, des Verhaltens und der Interessen unserer Besucher zu gewinnen. Dar\u00fcber hinaus verkn\u00fcpfen wir die Berichte mit individuellen, pers\u00f6nlich identifizierbaren Informationen, die die Nutzer uns m\u00f6glicherweise mitgeteilt haben. Wenn Sie die Verwendung von Cookies durch Google deaktivieren m\u00f6chten, \u00e4ndern Sie bitte Ihre Einstellungen, indem Sie die Seite Anzeigeneinstellungen von Google aufrufen. Wir oder ein von uns beauftragter Dritter k\u00f6nnen Technologien wie Cookies, Web-Beacons oder Skripte verwenden, um Informationen dar\u00fcber zu sammeln, wie Sie und andere mit unserer App interagieren. Wir wissen zum Beispiel, wie viele Nutzer auf einen bestimmten Bereich oder eine Funktion innerhalb der App zugreifen und auf welche Links oder Anzeigen sie geklickt haben. Wir verwenden diese gesammelten Informationen, um zu verstehen und zu optimieren, wie unsere App genutzt wird, um unsere Marketingma\u00dfnahmen zu verbessern und um Inhalte und Funktionen bereitzustellen, die f\u00fcr Sie von Interesse sind. Letztendlich kontrolliert Google als Drittpartei die \u00fcber Google Analytics gesammelten Informationen. Bitte pr\u00fcfen und lesen Sie die Datenschutzbestimmungen sorgf\u00e4ltig, bevor Sie die Website von ContactsFlow\u2122 (formerly Shared Contacts for Gmail\u2122) nutzen. Sie k\u00f6nnen Informationen \u00fcber die Datenschutzpraktiken von Google in Bezug auf Google Analytics einsehen.<\/p>\n\n<h2 class=\"wp-block-heading\">F. Gespeicherte Informationen<\/h2>\n\n<p>Gapps Experts Inc. speichert nur Informationen, die f\u00fcr die Durchf\u00fchrung der Synchronisationsdienste erforderlich sind. (Besuchen Sie unsere <a href=\"http:\/\/gdpr-compliance\">GDPR-Seite<\/a>, um mehr dar\u00fcber zu erfahren)<\/p>\n\n<p>ContactsFlow\u2122 (formerly Shared Contacts for Gmail\u2122) synchronisiert Ihre Kontakte durch den Vergleich von Hashes, wodurch der Dienst \u00c4nderungen erkennen kann, ohne dass Ihre Daten in unverschl\u00fcsselter Form auf unseren Systemen liegen.<\/p>\n\n<p>Wenn Sie die Funktion &#8220;Kontakte sichern&#8221; aktivieren, speichern wir Ihre Kontakte, solange Ihr kostenpflichtiges Abonnement aktiv ist. Sie haben jederzeit die M\u00f6glichkeit, die L\u00f6schung dieser Daten zu verlangen.<\/p>\n\n<p>Selbst wenn Sie das Gmail-Addon installieren und Zugriff auf Ihre Gmail-Daten gew\u00e4hren, speichern wir keine Ihrer E-Mails in unseren Systemen. Wir verwenden diesen Zugang nur, um die Kontaktinformationen Ihrer E-Mail-Absender anzeigen zu k\u00f6nnen.<\/p>\n\n<p>Ihre Daten werden 6 Monate nach Ablauf Ihres Kontos gespeichert. Sie k\u00f6nnen jedoch jederzeit vor Ablauf dieser Frist eine vollst\u00e4ndige L\u00f6schung beantragen.<\/p>\n\n<h2 class=\"wp-block-heading\">G. Zugang zu Ihren Informationen<\/h2>\n\n<p>Um Ihre Kontoinformationen zu \u00fcberpr\u00fcfen, zu korrigieren oder zu aktualisieren (Firmenname, Nutzernamen\/Adresse, Gruppennamen, Zahlungsinformationen, Adresse), wenden Sie sich bitte an den G Suite-\/Google Workspace-Administrator Ihres Unternehmens, der direkt auf die App zugreifen kann, um diese Informationen zu \u00fcberpr\u00fcfen und zu \u00e4ndern, oder der diese Informationen \u00fcber Ihre G Suite-Konsole aktualisiert.<\/p>\n\n<p>Wir werden diese Informationen so lange aufbewahren, wie Ihr Konto aktiv ist oder wie es f\u00fcr die Bereitstellung von Dienstleistungen erforderlich ist. Wenn Sie Ihr Konto schlie\u00dfen oder verlangen m\u00f6chten, dass wir Ihre Daten nicht mehr f\u00fcr die Bereitstellung von Dienstleistungen verwenden, wenden Sie sich an den Administrator Ihrer Organisation.<\/p>\n\n<p>Ihr Administrator kann diese App deinstallieren. In diesem Fall ist der Kontoverwalter daf\u00fcr verantwortlich, Sie dar\u00fcber zu informieren, dass Ihr Unternehmen diese App nicht mehr verwenden darf. Wir werden Ihre Daten aufbewahren und verwenden, soweit dies erforderlich ist, um unseren rechtlichen Verpflichtungen nachzukommen, Streitigkeiten beizulegen und unsere Vereinbarungen durchzusetzen.<\/p>\n\n<h2 class=\"wp-block-heading\">H. Zugriff auf die Informationen Ihrer Kontakte<\/h2>\n\n<p>Um auf Ihre Kontakte zuzugreifen, k\u00f6nnen Sie Folgendes verwenden  <a href=\"https:\/\/app.gmailsharedcontacts.com\">Shared Contacts f\u00fcr Gmail\u00ae Dashboard<\/a> oder Gmail Contacts-Schnittstelle (<a href=\"https:\/\/www.google.com\/contacts\/\" target=\"_blank\" rel=\"noreferrer noopener\">https:\/\/www.google.com\/contacts<\/a> ) oder, wenn Sie die Corporate Edition von ContactsFlow\u2122 (formerly Shared Contacts for Gmail\u2122) verwenden und die Datensicherung aktiviert haben, k\u00f6nnen Sie oder Ihr Administrator diese Informationen auf der Seite &#8220;Datensicherung&#8221; aufrufen bzw. l\u00f6schen (  <a href=\"https:\/\/app.gmailsharedcontacts.com\/backup\">https:\/\/app.gmailsharedcontacts.com\/backup<\/a> )<\/p>\n\n<p>Die von Gapps Experts Inc. bereitgestellten Anwendungen sind GDPR-konform.<\/p>\n\n<h2 class=\"wp-block-heading\">I. Aktualisierungen der Datenschutzbestimmungen<\/h2>\n\n<p>Wir behalten uns vor, diese Datenschutzerkl\u00e4rung zu aktualisieren, um \u00c4nderungen an unserem Unternehmen oder dieser App in Bezug auf die von Ihnen erfassten Daten und deren Verwendung zu ber\u00fccksichtigen. Wenn sich die \u00c4nderung darauf auswirkt, wie wir die von Ihnen erfassten Daten verwenden oder behandeln, werden wir Ihnen und\/oder dem Administrator Ihrer Organisation eine E-Mail schicken oder einen Hinweis an der Stelle ver\u00f6ffentlichen, an der Sie zum ersten Mal auf diese App zugreifen, bevor die \u00c4nderung in Kraft tritt. Wir empfehlen Ihnen, diese Seite regelm\u00e4\u00dfig zu besuchen, um die neuesten Informationen \u00fcber unsere Datenschutzpraktiken zu erhalten.<\/p>\n\n<h2 class=\"wp-block-heading\">J. Kontakt<\/h2>\n\n<p>Sie k\u00f6nnen sich schriftlich oder per E-Mail an uns wenden oder uns unter den auf unserer Kontaktseite angegebenen Kontaktdaten anrufen.<\/p>\n","protected":false},"excerpt":{"rendered":"<p>Diese Datenschutzerkl\u00e4rung beschreibt, wie Gapps Experts Inc. die Informationen, die Sie in ContactsFlow\u2122 (formerly Shared Contacts for Gmail\u2122), MAPI for Gmail\u00ae und anderen von Gapps Experts Inc. bereitgestellten Online-Anwendungen zur Verf\u00fcgung stellen, sammelt und verwendet. Au\u00dferdem wird beschrieben, welche M\u00f6glichkeiten Sie in Bezug auf die Verwendung Ihrer Daten durch uns haben und wie Sie auf [&hellip;]<\/p>\n","protected":false},"author":1,"featured_media":0,"parent":0,"menu_order":0,"comment_status":"closed","ping_status":"open","template":"","meta":{"inline_featured_image":false,"footnotes":""},"class_list":["post-20874","page","type-page","status-publish","hentry"],"acf":[],"_links":{"self":[{"href":"https:\/\/getsharedcontacts.com\/de\/wp-json\/wp\/v2\/pages\/20874","targetHints":{"allow":["GET"]}}],"collection":[{"href":"https:\/\/getsharedcontacts.com\/de\/wp-json\/wp\/v2\/pages"}],"about":[{"href":"https:\/\/getsharedcontacts.com\/de\/wp-json\/wp\/v2\/types\/page"}],"author":[{"embeddable":true,"href":"https:\/\/getsharedcontacts.com\/de\/wp-json\/wp\/v2\/users\/1"}],"replies":[{"embeddable":true,"href":"https:\/\/getsharedcontacts.com\/de\/wp-json\/wp\/v2\/comments?post=20874"}],"version-history":[{"count":5,"href":"https:\/\/getsharedcontacts.com\/de\/wp-json\/wp\/v2\/pages\/20874\/revisions"}],"predecessor-version":[{"id":29399,"href":"https:\/\/getsharedcontacts.com\/de\/wp-json\/wp\/v2\/pages\/20874\/revisions\/29399"}],"wp:attachment":[{"href":"https:\/\/getsharedcontacts.com\/de\/wp-json\/wp\/v2\/media?parent=20874"}],"curies":[{"name":"wp","href":"https:\/\/api.w.org\/{rel}","templated":true}]}}