{"id":20872,"date":"2022-10-26T04:49:26","date_gmt":"2022-10-26T04:49:26","guid":{"rendered":"https:\/\/www.getsharedcontacts.com\/unsere-partner\/"},"modified":"2023-01-24T14:44:26","modified_gmt":"2023-01-24T14:44:26","slug":"unsere-partner","status":"publish","type":"page","link":"https:\/\/getsharedcontacts.com\/de\/unsere-partner\/","title":{"rendered":"Unsere Partner"},"content":{"rendered":"\n<p class=\"has-text-align-center\">Diese Unternehmen haben ContactsFlow\u2122 (formerly Shared Contacts for Gmail\u2122) als Kontaktmanagementl\u00f6sung f\u00fcr ihre Kunden gew\u00e4hlt.<\/p>\n\n\n\n<figure class=\"wp-block-table aligncenter\"><table class=\"has-fixed-layout\"><tbody><tr><td class=\"has-text-align-center\" data-align=\"center\"><img decoding=\"async\" class=\"wp-image-17191\" style=\"width: 150px;\" src=\"https:\/\/www.getsharedcontacts.com\/wp-content\/uploads\/2022\/05\/Counterpoint-logo-rectangle-1.png\" alt=\"\"><\/td><td class=\"has-text-align-center\" data-align=\"center\"><img loading=\"lazy\" decoding=\"async\" width=\"145\" height=\"68\" class=\"wp-image-17201\" style=\"width: 145px;\" src=\"https:\/\/www.getsharedcontacts.com\/wp-content\/uploads\/2022\/05\/umzuzu.jpg\" alt=\"\"><\/td><td class=\"has-text-align-center\" data-align=\"center\"><img loading=\"lazy\" decoding=\"async\" width=\"150\" height=\"35\" class=\"wp-image-17232\" style=\"width: 150px;\" src=\"https:\/\/www.getsharedcontacts.com\/wp-content\/uploads\/2022\/05\/steegle.png\" alt=\"\" srcset=\"https:\/\/getsharedcontacts.com\/wp-content\/uploads\/2022\/05\/steegle.png 188w, https:\/\/getsharedcontacts.com\/wp-content\/uploads\/2022\/05\/steegle-150x35.png 150w\" sizes=\"auto, (max-width: 150px) 100vw, 150px\" \/><\/td><\/tr><tr><td class=\"has-text-align-center\" data-align=\"center\"><a href=\"https:\/\/www.counterpoint.com.fj\/\" target=\"_blank\" rel=\"noreferrer noopener\">Gegenpunkt<\/a><\/td><td class=\"has-text-align-center\" data-align=\"center\"><a href=\"http:\/\/umzuzu.com\/\" target=\"_blank\" rel=\"noreferrer noopener\">Umzuzu<\/a><\/td><td class=\"has-text-align-center\" data-align=\"center\"><a href=\"https:\/\/www.steegle.com\/\" target=\"_blank\" rel=\"noreferrer noopener\">Steegle<\/a><\/td><\/tr><tr><td class=\"has-text-align-center\" data-align=\"center\">Wir leben und atmen Google Services, Digital &amp; I.T.<br><br>Unser Digitalteam konzentriert sich auf Webdesign und -entwicklung, Webhosting, SEO, Google AdWords (SEM oder Pay-per-Click), E-Mail-Marketing-Automatisierung und digitale Transformationsprojekte.<\/td><td class=\"has-text-align-center\" data-align=\"center\">Umzuzu&#8217;s Mission ist einfach: Wir sind hier, um Ihnen zu helfen, das Beste, was die Cloud zu bieten hat, zu nutzen.<br><br>Umzuzu-Mitarbeiter haben Erfahrung als IT-Direktoren, Betriebsleiter, Unternehmensberater, Systemintegratoren und Lehrer. Wir sind auch ein serverloses Unternehmen.<\/td><td class=\"has-text-align-center\" data-align=\"center\">Steegle ist ein langj\u00e4hriger Google Cloud Partner, der die Gesch\u00e4ftsbed\u00fcrfnisse seiner Kunden analysiert und ihnen hilft, durch die Migration von veralteten Altsystemen in die leistungsstarke Google Cloud Werte und Produktivit\u00e4t zu schaffen.<\/td><\/tr><tr><td class=\"has-text-align-center\" data-align=\"center\"><br><br><br><br><img loading=\"lazy\" decoding=\"async\" width=\"150\" height=\"44\" class=\"wp-image-17251\" style=\"width: 150px;\" src=\"https:\/\/www.getsharedcontacts.com\/wp-content\/uploads\/2022\/05\/devoteam.png\" alt=\"\" srcset=\"https:\/\/getsharedcontacts.com\/wp-content\/uploads\/2022\/05\/devoteam.png 413w, https:\/\/getsharedcontacts.com\/wp-content\/uploads\/2022\/05\/devoteam-300x89.png 300w, https:\/\/getsharedcontacts.com\/wp-content\/uploads\/2022\/05\/devoteam-150x44.png 150w\" sizes=\"auto, (max-width: 150px) 100vw, 150px\" \/><\/td><td class=\"has-text-align-center\" data-align=\"center\"><br><br><br><br><img loading=\"lazy\" decoding=\"async\" width=\"150\" height=\"37\" class=\"wp-image-17260\" style=\"width: 150px;\" src=\"https:\/\/www.getsharedcontacts.com\/wp-content\/uploads\/2022\/05\/easyG_Apps.png\" alt=\"\" srcset=\"https:\/\/getsharedcontacts.com\/wp-content\/uploads\/2022\/05\/easyG_Apps.png 295w, https:\/\/getsharedcontacts.com\/wp-content\/uploads\/2022\/05\/easyG_Apps-150x37.png 150w\" sizes=\"auto, (max-width: 150px) 100vw, 150px\" \/><br><\/td><td class=\"has-text-align-center\" data-align=\"center\"><\/td><\/tr><tr><td class=\"has-text-align-center\" data-align=\"center\"><a href=\"https:\/\/gcloud.devoteam.com\/\" target=\"_blank\" rel=\"noreferrer noopener\">Devoteam GCloud<\/a><\/td><td class=\"has-text-align-center\" data-align=\"center\"><a href=\"https:\/\/easygapps.com\/\" target=\"_blank\" rel=\"noreferrer noopener\">EasyG Apps<\/a><\/td><td class=\"has-text-align-center\" data-align=\"center\"><\/td><\/tr><tr><td class=\"has-text-align-center\" data-align=\"center\">Mit mehr als 2300 zufriedenen Kunden in \u00fcber 20 L\u00e4ndern ist Devoteam G Cloud ein weltweit f\u00fchrender Anbieter von Google Cloud-Technologien und seit einem Jahrzehnt ein zuverl\u00e4ssiger Google Cloud Premier Partner.<\/td><td class=\"has-text-align-center\" data-align=\"center\">USA Corp ist seit 2011 ein Google Cloud Partner. Zu unserem Team geh\u00f6ren ein von Google zertifizierter Vertriebsspezialist und ein von Google zertifizierter Implementierungsspezialist. Wir bieten fachkundige Dienstleistungen in den Bereichen Informationstechnologie und Managementberatung.  <\/td><td class=\"has-text-align-center\" data-align=\"center\"><\/td><\/tr><\/tbody><\/table><\/figure>\n\n\n\n<p><\/p>\n\n\n\n<pre class=\"wp-block-preformatted\"><\/pre>\n","protected":false},"excerpt":{"rendered":"<p>Diese Unternehmen haben ContactsFlow\u2122 (formerly Shared Contacts for Gmail\u2122) als Kontaktmanagementl\u00f6sung f\u00fcr ihre Kunden gew\u00e4hlt. Gegenpunkt Umzuzu Steegle Wir leben und atmen Google Services, Digital &amp; I.T. Unser Digitalteam konzentriert sich auf Webdesign und -entwicklung, Webhosting, SEO, Google AdWords (SEM oder Pay-per-Click), E-Mail-Marketing-Automatisierung und digitale Transformationsprojekte. Umzuzu&#8217;s Mission ist einfach: Wir sind hier, um Ihnen [&hellip;]<\/p>\n","protected":false},"author":1,"featured_media":0,"parent":0,"menu_order":0,"comment_status":"closed","ping_status":"closed","template":"","meta":{"inline_featured_image":false,"footnotes":""},"class_list":["post-20872","page","type-page","status-publish","hentry"],"acf":[],"_links":{"self":[{"href":"https:\/\/getsharedcontacts.com\/de\/wp-json\/wp\/v2\/pages\/20872","targetHints":{"allow":["GET"]}}],"collection":[{"href":"https:\/\/getsharedcontacts.com\/de\/wp-json\/wp\/v2\/pages"}],"about":[{"href":"https:\/\/getsharedcontacts.com\/de\/wp-json\/wp\/v2\/types\/page"}],"author":[{"embeddable":true,"href":"https:\/\/getsharedcontacts.com\/de\/wp-json\/wp\/v2\/users\/1"}],"replies":[{"embeddable":true,"href":"https:\/\/getsharedcontacts.com\/de\/wp-json\/wp\/v2\/comments?post=20872"}],"version-history":[{"count":2,"href":"https:\/\/getsharedcontacts.com\/de\/wp-json\/wp\/v2\/pages\/20872\/revisions"}],"predecessor-version":[{"id":23619,"href":"https:\/\/getsharedcontacts.com\/de\/wp-json\/wp\/v2\/pages\/20872\/revisions\/23619"}],"wp:attachment":[{"href":"https:\/\/getsharedcontacts.com\/de\/wp-json\/wp\/v2\/media?parent=20872"}],"curies":[{"name":"wp","href":"https:\/\/api.w.org\/{rel}","templated":true}]}}