{"id":20727,"date":"2022-10-21T15:35:47","date_gmt":"2022-10-21T15:35:47","guid":{"rendered":"https:\/\/www.getsharedcontacts.com\/gdpr-einhaltung\/"},"modified":"2022-10-21T15:35:48","modified_gmt":"2022-10-21T15:35:48","slug":"gdpr-einhaltung","status":"publish","type":"page","link":"https:\/\/getsharedcontacts.com\/de\/gdpr-einhaltung\/","title":{"rendered":"GDPR-Einhaltung"},"content":{"rendered":"\n<p>GDPR (General Data Protection Regulation) ist eine wichtige Verordnung, die von der Europ\u00e4ischen Kommission erlassen wurde. Ziel dieser Verordnung ist es, die von Organisationen und Unternehmen gespeicherten personenbezogenen Daten der Europ\u00e4er zu sch\u00fctzen.<\/p>\n\n<p>Shared Contacts f\u00fcr Gmail\u00ae ist GDPR-konform. Daher sind wir verpflichtet, Sie \u00fcber die Daten, die wir von Ihnen erhoben haben, auf dem Laufenden zu halten und Sie dar\u00fcber zu informieren, wie Sie Ihre Rechte auf Auskunft, Berichtigung, Einschr\u00e4nkung der \u00dcbertragbarkeit und L\u00f6schung (oder &#8220;Recht auf Vergessenwerden&#8221;) aus\u00fcben k\u00f6nnen.<\/p>\n\n<figure class=\"wp-block-image size-full\"><img loading=\"lazy\" decoding=\"async\" width=\"990\" height=\"556\" src=\"https:\/\/www.getsharedcontacts.com\/wp-content\/uploads\/2022\/08\/page-gdpr-photo.jpg\" alt=\"\" class=\"wp-image-18529\" srcset=\"https:\/\/getsharedcontacts.com\/wp-content\/uploads\/2022\/08\/page-gdpr-photo.jpg 990w, https:\/\/getsharedcontacts.com\/wp-content\/uploads\/2022\/08\/page-gdpr-photo-300x168.jpg 300w, https:\/\/getsharedcontacts.com\/wp-content\/uploads\/2022\/08\/page-gdpr-photo-150x84.jpg 150w, https:\/\/getsharedcontacts.com\/wp-content\/uploads\/2022\/08\/page-gdpr-photo-768x431.jpg 768w\" sizes=\"auto, (max-width: 990px) 100vw, 990px\" \/><\/figure>\n\n<h2 class=\"wp-block-heading\">WELCHE INFORMATIONEN WERDEN IN <em>FREIGEGEBENEN KONTAKTEN F\u00dcR GMAIL\u00ae-SYSTEME<\/em> GESPEICHERT UND WIE KANN ICH SIE L\u00d6SCHEN?<\/h2>\n\n<h3 class=\"wp-block-heading\">Ihre Kontoinformationen<\/h3>\n\n<p>Wir speichern Ihre Kontoinformationen (Name Ihres Unternehmens, Benutzernamen\/Adresse, Gruppennamen, Zahlungsinformationen, Adresse), um mit Ihnen zu kommunizieren und den von Ihnen abonnierten Dienst anbieten zu k\u00f6nnen. Wir werden Ihre Daten aufbewahren und verwenden, soweit dies erforderlich ist, um unseren rechtlichen Verpflichtungen nachzukommen, Streitigkeiten beizulegen und unsere Vereinbarungen durchzusetzen.<\/p>\n\n<p>Zu den Informationen \u00fcber Ihr Konto, die wir speichern, geh\u00f6ren:<\/p>\n\n<ul class=\"wp-block-list\"><li>Ihr Google-Nutzername und Ihre E-Mail-Adresse<\/li><li>Ihre Telefonnummer<\/li><li>Die Nutzer in Ihrer Dom\u00e4ne (wenn Sie G Suite oder Google Workspace verwenden)<\/li><li>Ihre Freigabeeinstellungen (zur Verwaltung der Zugriffsrechte f\u00fcr die einzelnen Kontaktgruppen)<\/li><li>Die grundlegenden Benutzereinstellungen, die Sie f\u00fcr Ihre Google Workspace \/ G Suite-Informationen verwenden (wie Domain-Name, G Suite \/ Google Workspace Edition, Sprache und Land usw.)<\/li><\/ul>\n\n<h3 class=\"wp-block-heading\">Informationen zu Ihren Kontakten<\/h3>\n\n<p>Die in unseren Systemen gespeicherten Kontaktinformationen sind die folgenden:<\/p>\n\n<ul class=\"wp-block-list\"><li>Die Namen Ihrer Kontaktlabels (damit diese von Ihnen oder Ihrer Organisation weitergegeben werden k\u00f6nnen)<\/li><li>Ihre Namen, Telefonnummern, E-Mail-Adressen und alle Informationen, die Sie in die Standardkontaktfelder eingegeben haben (z. B. Anschrift, Firmenname, Berufsbezeichnung usw.)<\/li><li>In benutzerdefinierten Feldern gespeicherte Informationen, die Sie m\u00f6glicherweise erstellt haben<\/li><li>Anmerkungen und Kommentare, die von Ihren Mitarbeitern hinzugef\u00fcgt wurden.<\/li><\/ul>\n\n<p>Um aktualisierte Kontakte vergleichen zu k\u00f6nnen, ohne pers\u00f6nliche Details preiszugeben, verwenden wir hochverschl\u00fcsselte <a href=\"https:\/\/en.wikipedia.org\/wiki\/Hash_function\" target=\"_blank\" rel=\"noreferrer noopener\">Hash-Funktionen<\/a>.<\/p>\n\n<p>Wir verwenden auch <a href=\"https:\/\/en.wikipedia.org\/wiki\/Hash_function\" target=\"_blank\" rel=\"noreferrer noopener\">Hash-Funktionen<\/a>, um aktualisierte Kontakte zu vergleichen, ohne pers\u00f6nliche Details zu speichern.<\/p>\n\n<p>Um einen freigegebenen Kontakt zu l\u00f6schen\/entfernen, kann jeder, der die Berechtigung &#8220;Kann l\u00f6schen&#8221; hat, dies in seinem <a href=\"https:\/\/www.google.com\/contacts\" target=\"_blank\" rel=\"noreferrer noopener\">Google Contact Manager<\/a> tun.<\/p>\n\n<p>Shared Contacts f\u00fcr Gmail\u00ae ist mit den GDPR-Vorschriften konform. Das bedeutet, dass wir Ihr Recht auf Eigentum an den von Ihnen erstellten oder gespeicherten Inhalten respektieren. Ohne Ihre ausdr\u00fcckliche Genehmigung werden wir die von Ihnen erstellten Inhalte nicht verwenden, reproduzieren, anpassen, ver\u00e4ndern, ver\u00f6ffentlichen oder verbreiten. Wenn Sie Ihr Konto schlie\u00dfen m\u00f6chten oder verlangen, dass wir Ihre Daten nicht mehr f\u00fcr die Erbringung von Dienstleistungen verwenden, werden wir dies entsprechend den Vorschriften tun.<\/p>\n\n<h2 class=\"wp-block-heading\">WAS PASSIERT MIT MEINEN DATEN, WENN ICH MEIN ABONNEMENT F\u00dcR SHARED CONTACTS FOR GMAIL\u00ae K\u00dcNDIGE?<\/h2>\n\n<h3 class=\"wp-block-heading\">Informationen zu Ihren Kontakten<\/h3>\n\n<p>Nachdem Sie Ihr Abonnement gek\u00fcndigt haben, speichert ContactsFlow\u2122 (formerly Shared Contacts for Gmail\u2122) Ihre Kontaktdaten f\u00fcr eine m\u00f6gliche Wiederherstellung f\u00fcr die Dauer von 6 Monaten in seiner Systemdatenbank. Nach Ablauf dieser Frist werden Ihre Daten von unserem System endg\u00fcltig gel\u00f6scht.<\/p>\n\n<p>Wenn Sie jedoch sicher sind, dass Sie Ihre Daten nicht mehr ben\u00f6tigen, k\u00f6nnen Sie die L\u00f6schung vor Ablauf dieser 6-monatigen Frist beantragen.  <\/p>\n\n<p><strong>Achtung! Die Deinstallation der Anwendung von Google funktioniert nicht als Abmeldung. Um Ihr Abonnement zu k\u00fcndigen, m\u00fcssen Sie das Dashboard von GappsExperts verwenden, das \u00fcber <a href=\"https:\/\/app.gmailsharedcontacts.com\">https:\/\/app.gmailsharedcontacts.com<\/a> zug\u00e4nglich ist <a href=\"https:\/\/app.gmailsharedcontacts.com\">.<\/a><\/strong><\/p>\n\n<h3 class=\"wp-block-heading\">Ihre Kontoinformationen<\/h3>\n\n<p>Wir werden Ihre eigenen Kontoinformationen (Firmenname, Telefon, Kontakt-E-Mail usw.) aufbewahren und verwenden, soweit dies erforderlich ist, um unseren rechtlichen Verpflichtungen nachzukommen, Streitigkeiten beizulegen und unsere Vereinbarungen durchzusetzen. Sie k\u00f6nnen eine E-Mail mit der Bitte um endg\u00fcltige L\u00f6schung Ihrer personenbezogenen Daten schreiben. Wir speichern niemals Informationen, die \u00fcber unsere gesetzliche Verpflichtung zur Aufbewahrung hinausgehen. Ebenso speichern wir nur die Informationen, die zur Erbringung unserer Dienstleistung erforderlich sind.  <\/p>\n\n<p><\/p>\n\n<h3 class=\"wp-block-heading\">Welche Informationen werden von Ihnen in ContactsFlow\u2122 (formerly Shared Contacts for Gmail\u2122) gespeichert?<\/h3>\n\n<p>Um Ihnen den besten Service bieten zu k\u00f6nnen, speichert ContactsFlow\u2122 (formerly Shared Contacts for Gmail\u2122) die folgenden Daten:<\/p>\n\n<ul class=\"wp-block-list\"><li>Die Namen Ihrer Kontaktgruppen (damit diese von Ihnen oder Ihrer Organisation freigegeben werden k\u00f6nnen)<\/li><li>Die Namen Ihrer Benutzergruppen (um den Austausch mit einer Mailingliste zu erleichtern)<\/li><li>Einstellungen f\u00fcr die gemeinsame Nutzung (zur Verwaltung der Zugriffsberechtigungen f\u00fcr die einzelnen Kontaktgruppen)<\/li><li>Die Benutzer in Ihrer Dom\u00e4ne (bei Verwendung von G Suite)<\/li><li>Sprache und Land<\/li><\/ul>\n\n<p>Wir verwenden hochverschl\u00fcsselte <a href=\"https:\/\/en.wikipedia.org\/wiki\/Hash_function\" target=\"_blank\" rel=\"noreferrer noopener\">Hash-Funktionen<\/a>, um aktualisierte Kontakte zu vergleichen, ohne pers\u00f6nliche Details preiszugeben.<\/p>\n\n<h3 class=\"wp-block-heading\">An wen k\u00f6nnen Sie sich f\u00fcr die Datenkontrolle wenden?<\/h3>\n\n<p>F\u00fcr Anfragen bez\u00fcglich des Zugangs zu Ihren personenbezogenen Daten, L\u00f6schungsantr\u00e4ge oder Informationen \u00fcber unsere internen Verfahren zur Verwaltung personenbezogener Daten k\u00f6nnen Sie sich an unseren Datenschutzbeauftragten (DSB) wenden: <a href=\"mailto:dpo@getsharedcontacts.com\">dpo@getsharedcontacts.com.<\/a><\/p>\n","protected":false},"excerpt":{"rendered":"<p>GDPR (General Data Protection Regulation) ist eine wichtige Verordnung, die von der Europ\u00e4ischen Kommission erlassen wurde. Ziel dieser Verordnung ist es, die von Organisationen und Unternehmen gespeicherten personenbezogenen Daten der Europ\u00e4er zu sch\u00fctzen. Shared Contacts f\u00fcr Gmail\u00ae ist GDPR-konform. Daher sind wir verpflichtet, Sie \u00fcber die Daten, die wir von Ihnen erhoben haben, auf dem [&hellip;]<\/p>\n","protected":false},"author":1,"featured_media":0,"parent":0,"menu_order":0,"comment_status":"closed","ping_status":"closed","template":"","meta":{"inline_featured_image":false,"footnotes":""},"class_list":["post-20727","page","type-page","status-publish","hentry"],"acf":[],"_links":{"self":[{"href":"https:\/\/getsharedcontacts.com\/de\/wp-json\/wp\/v2\/pages\/20727","targetHints":{"allow":["GET"]}}],"collection":[{"href":"https:\/\/getsharedcontacts.com\/de\/wp-json\/wp\/v2\/pages"}],"about":[{"href":"https:\/\/getsharedcontacts.com\/de\/wp-json\/wp\/v2\/types\/page"}],"author":[{"embeddable":true,"href":"https:\/\/getsharedcontacts.com\/de\/wp-json\/wp\/v2\/users\/1"}],"replies":[{"embeddable":true,"href":"https:\/\/getsharedcontacts.com\/de\/wp-json\/wp\/v2\/comments?post=20727"}],"version-history":[{"count":1,"href":"https:\/\/getsharedcontacts.com\/de\/wp-json\/wp\/v2\/pages\/20727\/revisions"}],"predecessor-version":[{"id":20728,"href":"https:\/\/getsharedcontacts.com\/de\/wp-json\/wp\/v2\/pages\/20727\/revisions\/20728"}],"wp:attachment":[{"href":"https:\/\/getsharedcontacts.com\/de\/wp-json\/wp\/v2\/media?parent=20727"}],"curies":[{"name":"wp","href":"https:\/\/api.w.org\/{rel}","templated":true}]}}